
{"id":11,"date":"2023-01-31T21:42:06","date_gmt":"2023-01-31T21:42:06","guid":{"rendered":"https:\/\/nau.edu\/espanol\/?page_id=11"},"modified":"2023-08-21T17:15:01","modified_gmt":"2023-08-21T17:15:01","slug":"licenciatura","status":"publish","type":"page","link":"https:\/\/legacy.nau.edu\/espanol\/licenciatura\/","title":{"rendered":"Licenciatura"},"content":{"rendered":"<div class=\"nau-block nau-block-left-nav-top-bound\">\n    \t<button id=\"left-nav-toggle-btn\" onclick=\"toggleNav();\">\n\t\tEn esta p&aacute;gina \n\t\t<i id=\"chevron-icon\" class=\"fas fa-solid fa-chevron-down\"><\/i>\n\t<\/button>\n\t<div id=\"left-nav-menu-track\">\n\t\t<div id=\"left-nav-wrapper\">\n\t\t\t<div class=\"rfi-above-anchor-tags\">\n\t\t\t\t<div class=\"ri-container\">\n\t\t\t\t\t<a href=\"https:\/\/nau.edu\/admissions\/request-information\/\" id=\"request-info\" class=\"btn bg-true-blue left-nav-menu-bottom-button display-mobile\">Solicitar informaci&oacute;n&nbsp;&nbsp;<\/a>\t\t\t\t<\/div>\n\t\t\t<\/div>\n\t\t\t<div id=\"left-nav-menu\">\n\t\t\t\t<div class=\"menu-section menu-section-links\"><h6 class=\"hidden-mobile left-nav-list-header\">En esta p&aacute;gina<\/h6><ul class=\"left-nav-menu-list on-this-page\">\t\t\t\t\t\t\t\t<li><a href=\"https:\/\/legacy.nau.edu\/espanol\/licenciatura\/#Descubra\" title=\"Descubre lo m\u00e1s adecuado para ti\">Descubre lo m\u00e1s adecuado para ti<\/a><\/li>\n\t\t\t\t\t\t\t\t\t\t\t\t\t\t\t<li><a href=\"https:\/\/legacy.nau.edu\/espanol\/licenciatura\/#Facultad\" title=\"Facultad de posgrado\">Facultad de posgrado<\/a><\/li>\n\t\t\t\t\t\t\t\t\t\t\t\t\t\t\t<li><a href=\"https:\/\/legacy.nau.edu\/espanol\/licenciatura\/#Programas\" title=\"Programas de posgrado acelerados\">Programas de posgrado acelerados<\/a><\/li>\n\t\t\t\t\t\t\t<\/ul><div class=\"ri-container\"><a href=\"https:\/\/nau.edu\/admissions\/request-information\/\" id=\"request-info\" class=\"btn bg-true-blue left-nav-menu-bottom-button display-mobile\">Solicitar informaci&oacute;n&nbsp;&nbsp;<\/a><\/div><\/div>\t\t\t\t\t\t\t\t<div class=\"menu-section backcolor\">\n\t\t\t\t\t<div class=\"header\">\n\t\t\t\t\t\t&iquest;C&oacute;mo podemos ayudar?\t\t\t\t\t<\/div>\n\t\t\t\t\t<ul class=\"responsive-icons\">\n\t\t\t\t\t\t\t\t\t\t\t\t<li>\n\t\t\t\t\t\t\t<button class=\"link-button\" onclick=\"embedLouieChatbot();\">\n\t\t\t\t\t\t\t\t<img style=\"width: 20px;\" src=\"https:\/\/legacy.nau.edu\/wp-content\/themes\/nau-marketing-2021\/img\/icon-chat.svg\" alt=\"Live chat:\">\n\t\t\t\t\t\t\t\tCharlar\t\t\t\t\t\t\t<\/button>\n\t\t\t\t\t\t<\/li>\n\t\t\t\t\t\t\t\t\t\t\t\t\t\t\t\t\t\t<li><a href=\"tel:928-523-9501\"><img src=\"https:\/\/legacy.nau.edu\/wp-content\/themes\/nau-marketing-2021\/img\/icon-phone.svg\" alt=\"Telephone:\"> 928-523-9501<\/a>\n\t\t\t\t\t\t<\/li>\n\t\t\t\t\t\t\t\t\t\t\t\t<li><a href=\"mailto:admissions@nau.edu\"><img src=\"https:\/\/legacy.nau.edu\/wp-content\/themes\/nau-marketing-2021\/img\/icon-email.svg\" alt=\"Email:\"><span class=\"left-nav-email\"> admissions&#8203;@nau.edu <\/span><\/a><\/li>\n\t\t\t\t\t<\/ul>\n\t\t\t\t<\/div>\n\t\t\t\t\t\t\n\t\t\t<\/div>\n\t\t<\/div>\n\t<\/div>\n<\/div>\n\n<section class=\"nau-block left-nav-section\"><header class=\"entry-header\"><div class=\"breadcrumb\"><ol class=\"breadcrumbs\"><li class=\"current\">Pages<\/li><\/ol><\/div><h1 class=\"entry-title text-left \">Explora los numerosos programas acad\u00e9micos de NAU<\/h1><hr class=\"h1-hr  text-left \" role=\"none\"><\/header><!-- .entry-header --><\/section><!-- <section class=\"nau-block left-nav-section grid-md-12\">\n    <header class=\"entry-header\">\n        <h1 class=\"entry-title text-left \" tabindex=\"0\" id=\"h1-first\">Dummy H1<\/h1>\n        <hr class=\"h1-hr  text-left \" role=\"none\">\n    <\/header>\n<\/section> -->\n\n<section class=\"nau-block left-nav-section grid-md-12\">\n        <div class=\"page-content\">\n        \n\n<p>La Northern Arizona University (NAU) tiene programas acad\u00e9micos para todos los intereses: ciencias, negocios, educaci\u00f3n, artes, salud y muchos m\u00e1s.<\/p>\n\n\n<section id=\"\" class=\"nau-block nau-block-statistic-triplet  has-2 \">\n    <!-- <hr role=\"none\" class=\"hr-clearspace\"> -->\n    <div class=\"stat-wrapper -grid grid-md-12 \">\n                <div class=\"triplet-stat bg-gold noHover stat-1 has-2-eyebrows\" data-repository=\"\">\n                <picture class=\"span-md-4 triplet-stat-picture\">\n                    <source media=\"(min-width: 1100px)\" srcset=\"\">\n                                    <\/picture>\n                <div class=\"content\">\n                                            <div class=\"eyebrow-underline span-md-4\">M\u00e1s de&nbsp; <\/div>\n                                        <div class=\"number span-md-4\">\n                        180                    <\/div>\n                    <div class=\"label span-md-4\">programas de licenciaturas<\/div>\n                    <div class=\"publication span-md-4 plr-20 pb-20\">\n                                            <\/div>\n\n                <\/div>\n            <\/div>\n                        <div class=\"triplet-stat bg-gold noHover stat-2 has-2-eyebrows\" data-repository=\"\">\n                <picture class=\"span-md-4 triplet-stat-picture\">\n                    <source media=\"(min-width: 1100px)\" srcset=\"\">\n                                    <\/picture>\n                <div class=\"content\">\n                                            <div class=\"eyebrow-underline span-md-4\">M\u00e1s de &nbsp; <\/div>\n                                        <div class=\"number span-md-4\">\n                        100                    <\/div>\n                    <div class=\"label span-md-4\">programas de posgrado<\/div>\n                    <div class=\"publication span-md-4 plr-20 pb-20\">\n                                            <\/div>\n\n                <\/div>\n            <\/div>\n                <\/div>\n    <\/section>\n\t\t\t\n\n<section id=\"\" class=\"nau-block nau-block-statistic-triplet  has-2 \">\n    <!-- <hr role=\"none\" class=\"hr-clearspace\"> -->\n    <div class=\"stat-wrapper -grid grid-md-12 \">\n                <div class=\"triplet-stat bg-gold noHover stat-1 has-2-eyebrows\" data-repository=\"\">\n                <picture class=\"span-md-4 triplet-stat-picture\">\n                    <source media=\"(min-width: 1100px)\" srcset=\"\">\n                                    <\/picture>\n                <div class=\"content\">\n                                            <div class=\"eyebrow-underline span-md-4\">M\u00e1s de&nbsp; <\/div>\n                                        <div class=\"number span-md-4\">\n                        150                     <\/div>\n                    <div class=\"label span-md-4\">programas en linea<\/div>\n                    <div class=\"publication span-md-4 plr-20 pb-20\">\n                                            <\/div>\n\n                <\/div>\n            <\/div>\n                        <div class=\"triplet-stat bg-gold noHover stat-2 has-2-eyebrows\" data-repository=\"\">\n                <picture class=\"span-md-4 triplet-stat-picture\">\n                    <source media=\"(min-width: 1100px)\" srcset=\"\">\n                                    <\/picture>\n                <div class=\"content\">\n                                            <div class=\"eyebrow-underline span-md-4\">M\u00e1s de&nbsp; <\/div>\n                                        <div class=\"number span-md-4\">\n                        90                    <\/div>\n                    <div class=\"label span-md-4\">certificados subgraduados y graduados<\/div>\n                    <div class=\"publication span-md-4 plr-20 pb-20\">\n                                            <\/div>\n\n                <\/div>\n            <\/div>\n                <\/div>\n    <\/section>\n\t\t\t\n\n    <\/div>\n<\/section>\n\n\n\n<section         class=\"nau-block full-width-image-with-text-box secondary grid grid-md-12 -grid-fullwidth no-padding span-md-12  mobile-image-yes tablet-image- desktop-imageheight-  textbox-registration-bottomright  textbox-xl-width-2-3 textbox-background-summer-shade  bg-summer-shade-95 content-type-wysiwyg_linkbank  \">\n\n    <div class=\"full-width-image-with-text-box-picturediv\">\n\n            <picture class=\"left-nav-top-bound main\">\n            <source media=\"(min-width: 1650px)\" srcset=\"https:\/\/legacy.nau.edu\/wp-content\/uploads\/sites\/215\/2023\/03\/3621_Hispanic_Convocation_20220505-2000x1125.jpg\">\n            <source media=\"(min-width: 1100px)\" srcset=\"https:\/\/legacy.nau.edu\/wp-content\/uploads\/sites\/215\/2023\/03\/3621_Hispanic_Convocation_20220505-2000x800.jpg\">\n            <source media=\"(min-width: 768px)\" srcset=\"https:\/\/legacy.nau.edu\/wp-content\/uploads\/sites\/215\/2023\/03\/3621_Hispanic_Convocation_20220505-1200x675.jpg\">\n            <img src=\"https:\/\/legacy.nau.edu\/wp-content\/uploads\/sites\/215\/2023\/03\/3621_Hispanic_Convocation_20220505-800x450.jpg\" alt=\"Estudiante de NAU usando una estola de sarape acepta su diploma de un miembro de facultad durante la ceremonia de graduaci&oacute;n.\">\n        <\/picture>\n    \n    <\/div>\n    <div class=\"fwi-text-box  bg-summer-shade-95 \">\n\n\n\n    <p><span class=\"ui-provider vv b c d e f g h i j k l m n o p q r s t u v w x y z ab ac ae af ag ah ai aj ak\" dir=\"ltr\">Algunas de nuestras licenciaturas m\u00e1s populares son<\/span> los siguientes:<\/p>\n<ul>\n<li>Biolog\u00eda<\/li>\n<li>Ciencias Biom\u00e9dicas<\/li>\n<li>Econom\u00eda Empresarial<\/li>\n<li>Criminolog\u00eda y Justicia Criminal<\/li>\n<li>Educaci\u00f3n Primaria<\/li>\n<li>Ciencias del Ejercicio<\/li>\n<li>Enfermer\u00eda<\/li>\n<li>Psicolog\u00eda<\/li>\n<\/ul>\n\n\n\n\n    <div class=\"btn-div\">\n\n        \n            <a href=\"https:\/\/degree-search.nau.edu\/degrees\/undergraduate\/\" target=\"_blank\"\n               class=\"btn btn-bottom-mobile btn-gold\">Descubre las especialidades y subespecialidades de licenciaturas (Ing)<\/a>\n\n        \n    <\/div>\n\n\n\n\n\n\n    <\/div>\n\n\n    <\/section>\n\n<section class=\"nau-block left-nav-section grid-md-12\">\n        <div class=\"page-content\">\n        \n\n<section  \n    class=\"nau-block nau-block-panels reduceSpaceBelowThisBlock  \" \n    data-layout_mobile=\"groupLayout-Stack gutter_Default panelLayoutPhotoTextVertical  photoAspect-2-3\"\n        data-layout_tablet=\"groupLayout-Stack gutter_Default panelLayoutPhotoTextHorizontal  photoAspect-2-3\"\n        data-layout_desktop=\"groupLayout-Stack gutter_Default panelLayoutPhotoTextHorizontal  photoAspect-2-3\"\n        data-layout_xl=\"groupLayout-Stack gutter_Default panelLayoutPhotoTextHorizontal  photoAspect-2-3\">\n\n    <div class=\"background-wrapper\">\n        <div class=\"block-main-content\">\n            \n            \n            \n            \n            \n            <div class=\"panel-wrapper\">\n                \n                                \n                        <div class=\"panel bg-twilight  panelTypePhotoText    hasLink panelLinkTypeArrow\"\n                            data-role=\"tabpanel\"\n                            data-panel=\"panel--0\"\n                            id=\"panel--0\">\n\n                                                            <a href=\"https:\/\/legacy.nau.edu\/about\/colleges-and-schools\/\"\n                                    target=\"_blank\"\n                                    alt=\"Explora las facultades y escuelas de la NAU (Ing)\">\n                            \n                                                                    <picture>\n                                            <source srcset=\"https:\/\/legacy.nau.edu\/wp-content\/uploads\/sites\/215\/2023\/03\/4824_yuma_genetics_lecture_20211118-1-e1677691874907-1000x1500.jpg\" media=\"(min-width: 1650px)\" \/><!-- xl -->\n                                            <source srcset=\"https:\/\/legacy.nau.edu\/wp-content\/uploads\/sites\/215\/2023\/03\/4824_yuma_genetics_lecture_20211118-1-e1677691874907-1000x1500.jpg\" media=\"(min-width: 1100px)\" \/><!-- desktop -->\n                                            <source srcset=\"https:\/\/legacy.nau.edu\/wp-content\/uploads\/sites\/215\/2023\/03\/4824_yuma_genetics_lecture_20211118-1-e1677691874907-600x900.jpg\" media=\"(min-width: 768px)\" \/><!-- tablet -->\n                                            <source srcset=\"https:\/\/legacy.nau.edu\/wp-content\/uploads\/sites\/215\/2023\/03\/4824_yuma_genetics_lecture_20211118-1-e1677691874907-400x600.jpg\" media=\"(min-width: 0px)\" \/><!-- mobile --><img src=\"https:\/\/legacy.nau.edu\/wp-content\/uploads\/sites\/215\/2023\/03\/4824_yuma_genetics_lecture_20211118-1-e1677691874907.jpg\" alt=\"Estudiantes de NAU se sientan en la mesa con una computadora port&aacute;til.\"  \/>                                        <\/picture>\n                                        <div class=\"content\">\n                                            <div class=\"text-wrapper\">\n                                                \n                                                                                                    <h3 class=\" h4\">Descubre lo m\u00e1s adecuado para ti<\/h3>\n                                                \n                                                \t\t\t\t\t\t\t\t\t\t\t\t\t\t<div class=\"text alt-link-caret\">\n\t\t\t\t\t\t\t\t\t\t\t\t\t\t\t<p>Cualesquiera que sean tus intereses, desde ciencia, tecnolog\u00eda, ingenier\u00eda y matem\u00e1ticas (STEM) hasta bellas artes y todo lo dem\u00e1s, la NAU tiene un lugar para que persigas tu pasi\u00f3n. Nuestras facultades universitarias ofrecen programas de estudio dise\u00f1ados para apoyar nuestra misi\u00f3n de enriquecer vidas y crear oportunidades dentro y fuera de Arizona.<\/p>\n<p>Facultades universitarias en la NAU<\/p>\n<ul>\n<li>Facultad de Artes y Letras<\/li>\n<li>Facultad de Educaci\u00f3n<\/li>\n<li>Facultad de Ingenier\u00eda, Inform\u00e1tica y Ciencias Aplicadas<\/li>\n<li>Facultad de Medioambiente, C<span class=\"ui-provider vv b c d e f g h i j k l m n o p q r s t u v w x y z ab ac ae af ag ah ai aj ak\" dir=\"ltr\">iencias Forestales<\/span> y Ciencias Naturales<\/li>\n<li>Facultad de Salud y Servicios Humanos<\/li>\n<li>Facultad de <span class=\"ui-provider vv b c d e f g h i j k l m n o p q r s t u v w x y z ab ac ae af ag ah ai aj ak\" dir=\"ltr\">Ciencias Sociales y\u00a0del Comportamiento<\/span><\/li>\n<li>El W. A. Franke College of Business<\/li>\n<\/ul>\n\t\t\t\t\t\t\t\t\t\t\t\t\t\t<\/div>\n\t\t\t\t\t\t\t\t\t\t\t\t\t\t                                            <\/div>\n                                            \n                                                                                                                                                <span class=\"panel-arrow-text\">Explora las facultades y escuelas de la NAU (Ing)<\/span>\n                                                                                                \n                                                <span role=\"none\" class=\"panel-link panelLinkTypeArrow\"><\/span>\n                                                                                    <\/div>\n                                    \n                                                                    <\/a>\n                                \n                                                        <\/div>\n                                                <\/div>\n\n                    <\/div>\n    <\/div>\n<\/section>\n\n\n<h2><strong>Facultad de posgrado<\/strong><\/h2>\n\n\n\n<p>Si est\u00e1s listo para buscar tu pr\u00f3xima oportunidad, ya sea intelectual, profesional o personal, los programas de posgrado flexibles y rigurosos de NAU te ayudar\u00e1n a alcanzar tu pr\u00f3ximo nivel.<\/p>\n\n\n\n<p>Ya sea que busques&nbsp;estudios de posgrado en el campus de Flagstaff,&nbsp;en alguna de nuestras otras ubicaciones&nbsp;atrav\u00e9s del&nbsp;estado, o en l\u00ednea, la NAU le ofrece a los estudiantes de posgrado programas sobresalientes,&nbsp;mentor\u00eda pr\u00e1ctica, y oportunidades de investigaci\u00f3n, estudio y actividades creativas excepcionales.&nbsp;La facultad de posgrado de NAU apoya todos los aspectos de la educaci\u00f3n de posgrado y ofrece oportunidades s\u00f3lidas de desarrollo profesional.<\/p>\n\n\n\n<h2><strong>Programas de posgrado acelerados<\/strong><\/h2>\n\n\n\n<p>En la NAU, ofrecemos programas acelerados de licenciatura a maestr\u00eda que permiten&nbsp;que&nbsp; estudiantes calificados&nbsp;puedan&nbsp;comenzar una maestr\u00eda mientras completan,&nbsp;simult\u00e1neamente,&nbsp;tu licenciatura&nbsp;y adelantan tus&nbsp;metas educativas y profesionales&nbsp;a la vez que&nbsp;ahorran&nbsp;tiempo y dinero.<\/p>\n\n\n\n<div class=\"wp-block-buttons is-content-justification-left\">\n<div class=\"wp-block-button is-style-primary-blue\"><a class=\"wp-block-button__link\" href=\"https:\/\/legacy.nau.edu\/espanol\/licenciatura\/\">M\u00e1s informaci\u00f3n sobre los programas de posgrado de la NAU<\/a><\/div>\n<\/div>\n\n\n    <\/div>\n<\/section>","protected":false},"excerpt":{"rendered":"","protected":false},"author":323,"featured_media":324,"parent":0,"menu_order":0,"comment_status":"closed","ping_status":"closed","template":"","meta":{"ring_central_script_selection":""},"acf":[],"_links":{"self":[{"href":"https:\/\/legacy.nau.edu\/espanol\/wp-json\/wp\/v2\/pages\/11"}],"collection":[{"href":"https:\/\/legacy.nau.edu\/espanol\/wp-json\/wp\/v2\/pages"}],"about":[{"href":"https:\/\/legacy.nau.edu\/espanol\/wp-json\/wp\/v2\/types\/page"}],"author":[{"embeddable":true,"href":"https:\/\/legacy.nau.edu\/espanol\/wp-json\/wp\/v2\/users\/323"}],"replies":[{"embeddable":true,"href":"https:\/\/legacy.nau.edu\/espanol\/wp-json\/wp\/v2\/comments?post=11"}],"version-history":[{"count":35,"href":"https:\/\/legacy.nau.edu\/espanol\/wp-json\/wp\/v2\/pages\/11\/revisions"}],"predecessor-version":[{"id":870,"href":"https:\/\/legacy.nau.edu\/espanol\/wp-json\/wp\/v2\/pages\/11\/revisions\/870"}],"wp:featuredmedia":[{"embeddable":true,"href":"https:\/\/legacy.nau.edu\/espanol\/wp-json\/wp\/v2\/media\/324"}],"wp:attachment":[{"href":"https:\/\/legacy.nau.edu\/espanol\/wp-json\/wp\/v2\/media?parent=11"}],"curies":[{"name":"wp","href":"https:\/\/api.w.org\/{rel}","templated":true}]}}