
{"id":13,"date":"2023-01-31T21:43:11","date_gmt":"2023-01-31T21:43:11","guid":{"rendered":"https:\/\/nau.edu\/espanol\/?page_id=13"},"modified":"2024-12-11T16:00:12","modified_gmt":"2024-12-11T16:00:12","slug":"ubicaciones","status":"publish","type":"page","link":"https:\/\/legacy.nau.edu\/espanol\/ubicaciones\/","title":{"rendered":"En todo Arizona"},"content":{"rendered":"<div class=\"nau-block nau-block-left-nav-top-bound\">\n    \t<button id=\"left-nav-toggle-btn\" onclick=\"toggleNav();\">\n\t\tEn esta p&aacute;gina \n\t\t<i id=\"chevron-icon\" class=\"fas fa-solid fa-chevron-down\"><\/i>\n\t<\/button>\n\t<div id=\"left-nav-menu-track\">\n\t\t<div id=\"left-nav-wrapper\">\n\t\t\t<div class=\"rfi-above-anchor-tags\">\n\t\t\t\t<div class=\"ri-container\">\n\t\t\t\t\t<a href=\"https:\/\/nau.edu\/admissions\/request-information\/\" id=\"request-info\" class=\"btn bg-true-blue left-nav-menu-bottom-button display-mobile\">Solicitar informaci&oacute;n&nbsp;&nbsp;<\/a>\t\t\t\t<\/div>\n\t\t\t<\/div>\n\t\t\t<div id=\"left-nav-menu\">\n\t\t\t\t<div class=\"menu-section menu-section-links\"><h6 class=\"hidden-mobile left-nav-list-header\">En esta p&aacute;gina<\/h6><ul class=\"left-nav-menu-list left-nav-automatic on-this-page\"><\/ul><div class=\"ri-container\"><a href=\"https:\/\/nau.edu\/admissions\/request-information\/\" id=\"request-info\" class=\"btn bg-true-blue left-nav-menu-bottom-button display-mobile\">Solicitar informaci&oacute;n&nbsp;&nbsp;<\/a><\/div><\/div>\t\t\t\t\t\t\t\t<div class=\"menu-section backcolor\">\n\t\t\t\t\t<div class=\"header\">\n\t\t\t\t\t\t&iquest;C&oacute;mo podemos ayudar?\t\t\t\t\t<\/div>\n\t\t\t\t\t<ul class=\"responsive-icons\">\n\t\t\t\t\t\t\t\t\t\t\t\t<li>\n\t\t\t\t\t\t\t<button class=\"link-button\" onclick=\"embedLouieChatbot();\">\n\t\t\t\t\t\t\t\t<img style=\"width: 20px;\" src=\"https:\/\/legacy.nau.edu\/wp-content\/themes\/nau-marketing-2021\/img\/icon-chat.svg\" alt=\"Live chat:\">\n\t\t\t\t\t\t\t\tCharlar\t\t\t\t\t\t\t<\/button>\n\t\t\t\t\t\t<\/li>\n\t\t\t\t\t\t\t\t\t\t\t\t\t\t\t\t\t\t<li><a href=\"tel:928-523-9501\"><img src=\"https:\/\/legacy.nau.edu\/wp-content\/themes\/nau-marketing-2021\/img\/icon-phone.svg\" alt=\"Telephone:\"> 928-523-9501<\/a>\n\t\t\t\t\t\t<\/li>\n\t\t\t\t\t\t\t\t\t\t\t\t<li><a href=\"mailto:admissions@nau.edu\"><img src=\"https:\/\/legacy.nau.edu\/wp-content\/themes\/nau-marketing-2021\/img\/icon-email.svg\" alt=\"Email:\"><span class=\"left-nav-email\"> admissions&#8203;@nau.edu <\/span><\/a><\/li>\n\t\t\t\t\t<\/ul>\n\t\t\t\t<\/div>\n\t\t\t\t\t\t\n\t\t\t<\/div>\n\t\t<\/div>\n\t<\/div>\n<\/div>\n\n<section class=\"nau-block left-nav-section\"><header class=\"entry-header\"><div class=\"breadcrumb\"><ol class=\"breadcrumbs\"><li class=\"current\">Pages<\/li><\/ol><\/div><h1 class=\"entry-title text-left \">NAU est\u00e1 en todo Arizona<\/h1><hr class=\"h1-hr  text-left \" role=\"none\"><\/header><!-- .entry-header --><\/section><!-- <section class=\"nau-block left-nav-section grid-md-12\">\n    <header class=\"entry-header\">\n        <h1 class=\"entry-title text-left \" tabindex=\"0\" id=\"h1-first\">Dummy H1<\/h1>\n        <hr class=\"h1-hr  text-left \" role=\"none\">\n    <\/header>\n<\/section> -->\n\n<section class=\"nau-block left-nav-section grid-md-12\">\n        <div class=\"page-content\">\n        \n\n<h2 id=\"experience\">Conveniencia. Asequibilidad. Comunidad.<\/h2>\n\n\n\n\n<!-- removed margin utility classes pt-0 mb-0 mb-md-70 mb-lg-100 -->\n<section class=\"nau-block headline-image-wysiwyg  color-scheme-blue \">\n    <header class=\"hiw-head-and-hero-wrapper\">\n\n        \n        <picture>\n            <source media=\"(min-width: 1100px)\" srcset=\"https:\/\/legacy.nau.edu\/wp-content\/uploads\/sites\/215\/2023\/02\/1689_Statewide_20191001-2000x1125-1.jpeg\">\n            <source media=\"(min-width: 768px)\" srcset=\"https:\/\/legacy.nau.edu\/wp-content\/uploads\/sites\/215\/2023\/02\/1689_Statewide_20191001-2000x1125-1-1200x900.jpeg\">\n            <img src=\"https:\/\/legacy.nau.edu\/wp-content\/uploads\/sites\/215\/2023\/02\/1689_Statewide_20191001-2000x1125-1-800x600.jpeg\" alt=\"Dos estudiantes se sientan afuera debajo de una pasarela cubierta en el campus de NAU-Yuma.\">\n        <\/picture>\n    <\/header>\n\n    <div class=\"hiw-innerblockwrapper  \">\n        \n        <!--h3><\/h3-->\n\n        <div class=\"wp-block-columns\">\n            <div class=\"wp-block-column\"><p>Tenemos ubicaciones en Yuma, Phoenix, Tucson y m\u00e1s lugares para satisfacer tus necesidades, ya sea asistir a la universidad mientras trabajas a tiempo completo o quieres estar cerca de tu familia. Nuestros programas de transferencia te permiten comenzar en tu colegio comunitario y terminar el t\u00edtulo en la NAU, ofreciendo una carrera asequible.<\/p>\n<p>Donde quiera que estudies, ofrecemos s\u00f3lidos t\u00edtulos de licenciatura y posgrado, y programas de certificaci\u00f3n para ayudarte a lograr cualquier objetivo.<\/p>\n<\/div>                    <\/div>\n\n                \n        <div class=\"wp-block-buttons alignright\">\n                                        <div class=\"wp-block-button is-style-ghost-dark\"><a\n                                        href=\"https:\/\/legacy.nau.edu\/about\/locations-and-maps\/\"\n                                        target=\"_blank\" class=\"wp-block-button__link\">\n                                    Explora nuestros campus estatales y socios universitarios (Ing)                                <\/a>\n                            <\/div>\n                                    <\/div>\n    <\/div>\n<\/section>\n\n\n\n<figure  class=\"nau-article-nice-blockquote no-photo\" data-repository=\"\">\n            <div class=\"text\">\n            <blockquote>\n                &#8220;Soy parte del grupo del Colegio Comunitario de Mesa, por lo que puedo tomar clases de la NAU mientras permanezco en mi residencia aqu\u00ed en East Valley. Vengo de una familia diversa y multiling\u00fce, muchos de los cuales son de M\u00e9xico y Am\u00e9rica Central. Siendo un producto de tantas culturas y experiencias diversas, tengo una ventaja \u00fanica cuando se trata de ser emp\u00e1tica con la diversidad cultural representada en nuestra juventud hoy. No s\u00e9 si hubiera podido continuar con mi educaci\u00f3n en este momento de mi vida, estando en los treinta, si no fuera por la beca de la Academia de Maestros de Arizona.&#8221;\n            <\/blockquote>\n            <figcaption>&#8211; Ixchel Christine Orellana, Especialista en Educaci\u00f3n Primaria, Colegio Comunitario de Mesa<\/figcaption>\n        <\/div>\n<\/figure>\n\n\n\n<section id=\"\" class=\"nau-block nau-block-statistic-triplet  has-2 \">\n    <!-- <hr role=\"none\" class=\"hr-clearspace\"> -->\n    <div class=\"stat-wrapper -grid grid-md-12 \">\n                <div class=\"triplet-stat bg-gold noHover stat-1 has-2-eyebrows\" data-repository=\"\">\n                <picture class=\"span-md-4 triplet-stat-picture\">\n                    <source media=\"(min-width: 1100px)\" srcset=\"https:\/\/legacy.nau.edu\/wp-content\/uploads\/sites\/215\/2023\/02\/58A2314Pima02112019-1200x675-1.jpeg\">\n                    <img src=\"https:\/\/legacy.nau.edu\/wp-content\/uploads\/sites\/215\/2023\/02\/58A2314Pima02112019-1200x675-1-800x450.jpeg\" alt=\"Un grupo de estudiantes caminan juntos mientras platican en el campus de NAU-Yuma.\"  \/>                <\/picture>\n                <div class=\"content\">\n                                            <div class=\"eyebrow-underline span-md-4\">Northern Arizona University &nbsp; <\/div>\n                                        <div class=\"number span-md-4\">\n                        M\u00e1s de 20                    <\/div>\n                    <div class=\"label span-md-4\">ubicaciones<\/div>\n                    <div class=\"publication span-md-4 plr-20 pb-20\">\n                                            <\/div>\n\n                <\/div>\n            <\/div>\n                        <div class=\"triplet-stat bg-twilight noHover stat-2 has-2-eyebrows\" data-repository=\"\">\n                <picture class=\"span-md-4 triplet-stat-picture\">\n                    <source media=\"(min-width: 1100px)\" srcset=\"https:\/\/legacy.nau.edu\/wp-content\/uploads\/sites\/215\/2023\/02\/0831_yuma_campus_life_20191105-1200x675-1.jpeg\">\n                    <img src=\"https:\/\/legacy.nau.edu\/wp-content\/uploads\/sites\/215\/2023\/02\/0831_yuma_campus_life_20191105-1200x675-1-800x450.jpeg\" alt=\"Tres estudiantes se sientan en una banca en frente de la fuente en el campus de NAU-Yuma.\"  \/>                <\/picture>\n                <div class=\"content\">\n                                            <div class=\"eyebrow-underline span-md-4\">La diversidad en la NAU &nbsp; <\/div>\n                                        <div class=\"number span-md-4\">\n                                            <\/div>\n                    <div class=\"label span-md-4\">78% de los estudiantes de la NAU\u2013Yuma son hispanos.<\/div>\n                    <div class=\"publication span-md-4 plr-20 pb-20\">\n                                            <\/div>\n\n                <\/div>\n            <\/div>\n                <\/div>\n    <\/section>\n\t\t\t\n\n\n<figure  class=\"nau-article-nice-blockquote\" data-repository=\"\">\n                <picture>\n                <source srcset=\"https:\/\/legacy.nau.edu\/wp-content\/uploads\/sites\/215\/2023\/02\/8126_Transfer_20200221-2-1024x683-1-600x600.jpeg\" media=\"(min-width: 768px)\" \/><img src=\"https:\/\/legacy.nau.edu\/wp-content\/uploads\/sites\/215\/2023\/02\/8126_Transfer_20200221-2-1024x683-1-600x600.jpeg\" alt=\"El estudiante de m&uacute;sica Sage Bond se sienta en una mesa frente a un mentor estudiantil de NAU.\"  \/>            <\/picture>\n                    <div class=\"text\">\n            <blockquote>\n                &#8220;Planeo volver a la Reserva y ense\u00f1ar aqu\u00ed porque eso es algo que no estaba disponible para m\u00ed cuando era ni\u00f1o. Quiero poder brindar esa experiencia a otros j\u00f3venes porque la m\u00fasica es simplemente una gran v\u00eda de escape.&#8221;\n            <\/blockquote>\n            <figcaption>&#8211; Sage Bond, M\u00fasica, menci\u00f3n en ciencias psicol\u00f3gicas, Din\u00e9 College<\/figcaption>\n        <\/div>\n<\/figure>\n\n\n\n\n<h2 id=\"expect\">Qu\u00e9 esperar de tu experiencia en todo el estado<\/h2>\n\n\n\n\n<!-- removed margin utility classes pt-0 mb-0 mb-md-70 mb-lg-100 -->\n<section class=\"nau-block headline-image-wysiwyg  color-scheme-blue \">\n    <header class=\"hiw-head-and-hero-wrapper\">\n\n        \n        <picture>\n            <source media=\"(min-width: 1100px)\" srcset=\"https:\/\/legacy.nau.edu\/wp-content\/uploads\/sites\/215\/2023\/02\/58A4464Pima02122019-2000x1125-1.jpeg\">\n            <source media=\"(min-width: 768px)\" srcset=\"https:\/\/legacy.nau.edu\/wp-content\/uploads\/sites\/215\/2023\/02\/58A4464Pima02122019-2000x1125-1-1200x900.jpeg\">\n            <img src=\"https:\/\/legacy.nau.edu\/wp-content\/uploads\/sites\/215\/2023\/02\/58A4464Pima02122019-2000x1125-1-800x600.jpeg\" alt=\"Tres estudiantes caminan juntos afuera en un campus de NAU.\">\n        <\/picture>\n    <\/header>\n\n    <div class=\"hiw-innerblockwrapper  \">\n        \n        <!--h3><\/h3-->\n\n        <div class=\"wp-block-columns\">\n            <div class=\"wp-block-column\"><ul>\n<li>Comenzar\u00e1s las clases al mismo tiempo con un grupo de estudiantes, tu grupo, lo que te permitir\u00e1 establecer conexiones con otras personas que tienen intereses comunes.<\/li>\n<li>Tus cursos ser\u00e1n impartidos por profesores dedicados que son expertos en su campo.<\/li>\n<li>La mayor\u00eda de las clases incluyen instrucci\u00f3n tanto en persona como en l\u00ednea.<\/li>\n<\/ul>\n<\/div>                    <\/div>\n\n                \n        <div class=\"wp-block-buttons alignright\">\n                    <\/div>\n    <\/div>\n<\/section>\n\n\n\n<h2 id=\"options\">Opciones flexibles<\/h2>\n\n\n\n<section  \n    class=\"nau-block nau-block-panels   \" \n    data-layout_mobile=\"groupLayout-Stack gutter_Default panelLayoutPhotoTextVertical  photoAspect-16-9\"\n        data-layout_tablet=\"groupLayout-Stack gutter_Default panelLayoutPhotoTextVertical  photoAspect-16-9\"\n        data-layout_desktop=\"groupLayout-Grid gutter_Default panelLayoutPhotoTextVertical  photoAspect-4-3\"\n        data-layout_xl=\"groupLayout-Grid gutter_Default panelLayoutPhotoTextVertical  photoAspect-4-3\">\n\n    <div class=\"background-wrapper\">\n        <div class=\"block-main-content\">\n            \n            \n            \n            \n            \n            <div class=\"panel-wrapper\">\n                \n                                \n                        <div class=\"panel bg-gold  panelTypePhotoText    hasLink panelLinkTypeArrow\"\n                            data-role=\"tabpanel\"\n                            data-panel=\"panel--0\"\n                            id=\"panel--0\">\n\n                                                            <a href=\"https:\/\/legacy.nau.edu\/statewide-campuses\/90-30-degree-completion-programs\/\"\n                                    target=\"_blank\"\n                                    alt=\"Explora el programa 90\/30 (Ing)\">\n                            \n                                                                    <picture>\n                                            <source srcset=\"https:\/\/legacy.nau.edu\/wp-content\/uploads\/sites\/215\/2023\/02\/6106_spring_candid_20180410-2000x1500-1.jpeg\" media=\"(min-width: 1650px)\" \/><!-- xl -->\n                                            <source srcset=\"https:\/\/legacy.nau.edu\/wp-content\/uploads\/sites\/215\/2023\/02\/6106_spring_candid_20180410-2000x1500-1.jpeg\" media=\"(min-width: 1100px)\" \/><!-- desktop -->\n                                            <source srcset=\"https:\/\/legacy.nau.edu\/wp-content\/uploads\/sites\/215\/2023\/02\/6106_spring_candid_20180410-2000x1500-1-1200x675.jpeg\" media=\"(min-width: 768px)\" \/><!-- tablet -->\n                                            <source srcset=\"https:\/\/legacy.nau.edu\/wp-content\/uploads\/sites\/215\/2023\/02\/6106_spring_candid_20180410-2000x1500-1-800x450.jpeg\" media=\"(min-width: 0px)\" \/><!-- mobile --><img src=\"https:\/\/legacy.nau.edu\/wp-content\/uploads\/sites\/215\/2023\/02\/6106_spring_candid_20180410-2000x1500-1.jpeg\" alt=\"Dos estudiantes se relajan en hamacas en el patio norte de NAU.\"  \/>                                        <\/picture>\n                                        <div class=\"content\">\n                                            <div class=\"text-wrapper\">\n                                                \n                                                                                                    <h3 class=\" h4\">Programa 90\/30<\/h3>\n                                                \n                                                \t\t\t\t\t\t\t\t\t\t\t\t\t\t<div class=\"text alt-link-caret\">\n\t\t\t\t\t\t\t\t\t\t\t\t\t\t\t<p>Esta opci\u00f3n conveniente y econ\u00f3mica te permite transferir 90 cr\u00e9ditos y completar los 30 cr\u00e9ditos NAU restantes en l\u00ednea o en una de nuestras m\u00faltiples ubicaciones a trav\u00e9s de todo el estado.<\/p>\n\t\t\t\t\t\t\t\t\t\t\t\t\t\t<\/div>\n\t\t\t\t\t\t\t\t\t\t\t\t\t\t                                            <\/div>\n                                            \n                                                                                                                                                <span class=\"panel-arrow-text\">Explora el programa 90\/30 (Ing)<\/span>\n                                                                                                \n                                                <span role=\"none\" class=\"panel-link panelLinkTypeArrow\"><\/span>\n                                                                                    <\/div>\n                                    \n                                                                    <\/a>\n                                \n                                                        <\/div>\n                    \n                        <div class=\"panel bg-true-blue  panelTypePhotoText    hasLink panelLinkTypeArrow\"\n                            data-role=\"tabpanel\"\n                            data-panel=\"panel--1\"\n                            id=\"panel--1\">\n\n                                                            <a href=\"https:\/\/legacy.nau.edu\/admission\/2nau-admission\/\"\n                                    target=\"_blank\"\n                                    alt=\"Explora el programa 2NAU (Ing)\">\n                            \n                                                                    <picture>\n                                            <source srcset=\"https:\/\/legacy.nau.edu\/wp-content\/uploads\/sites\/215\/2023\/02\/0627_TransferDay_20181116-2000x1500-1.jpeg\" media=\"(min-width: 1650px)\" \/><!-- xl -->\n                                            <source srcset=\"https:\/\/legacy.nau.edu\/wp-content\/uploads\/sites\/215\/2023\/02\/0627_TransferDay_20181116-2000x1500-1.jpeg\" media=\"(min-width: 1100px)\" \/><!-- desktop -->\n                                            <source srcset=\"https:\/\/legacy.nau.edu\/wp-content\/uploads\/sites\/215\/2023\/02\/0627_TransferDay_20181116-2000x1500-1-1200x675.jpeg\" media=\"(min-width: 768px)\" \/><!-- tablet -->\n                                            <source srcset=\"https:\/\/legacy.nau.edu\/wp-content\/uploads\/sites\/215\/2023\/02\/0627_TransferDay_20181116-2000x1500-1-800x450.jpeg\" media=\"(min-width: 0px)\" \/><!-- mobile --><img src=\"https:\/\/legacy.nau.edu\/wp-content\/uploads\/sites\/215\/2023\/02\/0627_TransferDay_20181116-2000x1500-1.jpeg\" alt=\"Dos estudiantes sonr&iacute;en y miran a la c&aacute;mara en el campus de NAU.\"  \/>                                        <\/picture>\n                                        <div class=\"content\">\n                                            <div class=\"text-wrapper\">\n                                                \n                                                                                                    <h3 class=\" h4\">2NAU<\/h3>\n                                                \n                                                \t\t\t\t\t\t\t\t\t\t\t\t\t\t<div class=\"text alt-link-caret\">\n\t\t\t\t\t\t\t\t\t\t\t\t\t\t\t<p>A trav\u00e9s del programa de admisi\u00f3n conjunto de 2NAU, completa tus cr\u00e9ditos del colegio comunitario y los transfiere c\u00f3modamente a la NAU. Este programa est\u00e1 dise\u00f1ado para ayudarte a terminar tu t\u00edtulo de manera econ\u00f3mica y conveniente.<\/p>\n\t\t\t\t\t\t\t\t\t\t\t\t\t\t<\/div>\n\t\t\t\t\t\t\t\t\t\t\t\t\t\t                                            <\/div>\n                                            \n                                                                                                                                                <span class=\"panel-arrow-text\">Explora el programa 2NAU (Ing)<\/span>\n                                                                                                \n                                                <span role=\"none\" class=\"panel-link panelLinkTypeArrow\"><\/span>\n                                                                                    <\/div>\n                                    \n                                                                    <\/a>\n                                \n                                                        <\/div>\n                                                <\/div>\n\n                    <\/div>\n    <\/div>\n<\/section>\n\n    <\/div>\n<\/section>\n\n<div class=\"nau-block nau-block-left-nav-bottom-bound\">\n\n<\/div>","protected":false},"excerpt":{"rendered":"","protected":false},"author":323,"featured_media":158,"parent":0,"menu_order":0,"comment_status":"closed","ping_status":"closed","template":"","meta":{"ring_central_script_selection":""},"acf":[],"_links":{"self":[{"href":"https:\/\/legacy.nau.edu\/espanol\/wp-json\/wp\/v2\/pages\/13"}],"collection":[{"href":"https:\/\/legacy.nau.edu\/espanol\/wp-json\/wp\/v2\/pages"}],"about":[{"href":"https:\/\/legacy.nau.edu\/espanol\/wp-json\/wp\/v2\/types\/page"}],"author":[{"embeddable":true,"href":"https:\/\/legacy.nau.edu\/espanol\/wp-json\/wp\/v2\/users\/323"}],"replies":[{"embeddable":true,"href":"https:\/\/legacy.nau.edu\/espanol\/wp-json\/wp\/v2\/comments?post=13"}],"version-history":[{"count":51,"href":"https:\/\/legacy.nau.edu\/espanol\/wp-json\/wp\/v2\/pages\/13\/revisions"}],"predecessor-version":[{"id":1061,"href":"https:\/\/legacy.nau.edu\/espanol\/wp-json\/wp\/v2\/pages\/13\/revisions\/1061"}],"wp:featuredmedia":[{"embeddable":true,"href":"https:\/\/legacy.nau.edu\/espanol\/wp-json\/wp\/v2\/media\/158"}],"wp:attachment":[{"href":"https:\/\/legacy.nau.edu\/espanol\/wp-json\/wp\/v2\/media?parent=13"}],"curies":[{"name":"wp","href":"https:\/\/api.w.org\/{rel}","templated":true}]}}