
{"id":17,"date":"2023-01-31T21:42:56","date_gmt":"2023-01-31T21:42:56","guid":{"rendered":"https:\/\/nau.edu\/espanol\/?page_id=17"},"modified":"2023-08-28T17:15:56","modified_gmt":"2023-08-28T17:15:56","slug":"vivienda-comedor","status":"publish","type":"page","link":"https:\/\/legacy.nau.edu\/espanol\/vivienda-comedor\/","title":{"rendered":"Alojamiento y comida"},"content":{"rendered":"<div class=\"nau-block nau-block-left-nav-top-bound\">\n    \t<button id=\"left-nav-toggle-btn\" onclick=\"toggleNav();\">\n\t\tEn esta p&aacute;gina \n\t\t<i id=\"chevron-icon\" class=\"fas fa-solid fa-chevron-down\"><\/i>\n\t<\/button>\n\t<div id=\"left-nav-menu-track\">\n\t\t<div id=\"left-nav-wrapper\">\n\t\t\t<div class=\"rfi-above-anchor-tags\">\n\t\t\t\t<div class=\"ri-container\">\n\t\t\t\t\t<a href=\"https:\/\/nau.edu\/admissions\/request-information\/\" id=\"request-info\" class=\"btn bg-true-blue left-nav-menu-bottom-button display-mobile\">Solicitar informaci&oacute;n&nbsp;&nbsp;<\/a>\t\t\t\t<\/div>\n\t\t\t<\/div>\n\t\t\t<div id=\"left-nav-menu\">\n\t\t\t\t<div class=\"menu-section menu-section-links\"><h6 class=\"hidden-mobile left-nav-list-header\">En esta p&aacute;gina<\/h6><ul class=\"left-nav-menu-list left-nav-automatic on-this-page\"><\/ul><div class=\"ri-container\"><a href=\"https:\/\/nau.edu\/admissions\/request-information\/\" id=\"request-info\" class=\"btn bg-true-blue left-nav-menu-bottom-button display-mobile\">Solicitar informaci&oacute;n&nbsp;&nbsp;<\/a><\/div><\/div>\t\t\t\t\t\t\t\t<div class=\"menu-section backcolor\">\n\t\t\t\t\t<div class=\"header\">\n\t\t\t\t\t\t&iquest;C&oacute;mo podemos ayudar?\t\t\t\t\t<\/div>\n\t\t\t\t\t<ul class=\"responsive-icons\">\n\t\t\t\t\t\t\t\t\t\t\t\t<li>\n\t\t\t\t\t\t\t<button class=\"link-button\" onclick=\"embedLouieChatbot();\">\n\t\t\t\t\t\t\t\t<img style=\"width: 20px;\" src=\"https:\/\/legacy.nau.edu\/wp-content\/themes\/nau-marketing-2021\/img\/icon-chat.svg\" alt=\"Live chat:\">\n\t\t\t\t\t\t\t\tCharlar\t\t\t\t\t\t\t<\/button>\n\t\t\t\t\t\t<\/li>\n\t\t\t\t\t\t\t\t\t\t\t\t\t\t\t\t\t\t<li><a href=\"tel:928-523-9501\"><img src=\"https:\/\/legacy.nau.edu\/wp-content\/themes\/nau-marketing-2021\/img\/icon-phone.svg\" alt=\"Telephone:\"> 928-523-9501<\/a>\n\t\t\t\t\t\t<\/li>\n\t\t\t\t\t\t\t\t\t\t\t\t<li><a href=\"mailto:admissions@nau.edu\"><img src=\"https:\/\/legacy.nau.edu\/wp-content\/themes\/nau-marketing-2021\/img\/icon-email.svg\" alt=\"Email:\"><span class=\"left-nav-email\"> admissions&#8203;@nau.edu <\/span><\/a><\/li>\n\t\t\t\t\t<\/ul>\n\t\t\t\t<\/div>\n\t\t\t\t\t\t\n\t\t\t<\/div>\n\t\t<\/div>\n\t<\/div>\n<\/div>\n\n<section class=\"nau-block left-nav-section\"><header class=\"entry-header\"><div class=\"breadcrumb\"><ol class=\"breadcrumbs\"><li class=\"current\">Pages<\/li><\/ol><\/div><h1 class=\"entry-title text-left \">Costos de alojamiento y comida<\/h1><hr class=\"h1-hr  text-left \" role=\"none\"><\/header><!-- .entry-header --><\/section><!-- <section class=\"nau-block left-nav-section grid-md-12\">\n    <header class=\"entry-header\">\n        <h1 class=\"entry-title text-left \" tabindex=\"0\" id=\"h1-first\">Dummy H1<\/h1>\n        <hr class=\"h1-hr  text-left \" role=\"none\">\n    <\/header>\n<\/section> -->\n\n<section class=\"nau-block left-nav-section grid-md-12\">\n        <div class=\"page-content\">\n        \n\n<h2 id=\"nauexperience\">La experiencia de la NAU completa est\u00e1 a su alcance<\/h2>\n\n\n\n<p>El campus de Flagstaff de la NAU es un lugar din\u00e1mico donde puedes aprender y vivir en un ambiente universitario tradicional.<\/p>\n\n\n\n<p>Cuando vives en el campus, est\u00e1s convenientemente ubicado en el coraz\u00f3n de todo. Tendr\u00e1s f\u00e1cil acceso a las clases, la biblioteca, los clubes, los restaurantes y las organizaciones estudiantiles, y todo lo dem\u00e1s que se necesitar\u00e1 para una experiencia que recordar\u00e1 por toda la vida.<\/p>\n\n\n\n<h2 id=\"housing\">Alojamiento<\/h2>\n\n\n\n<section  \n    class=\"nau-block nau-block-panels   \" \n    data-layout_mobile=\"groupLayout-Stack gutter_Default panelLayoutPhotoTextVertical  photoAspect-16-9\"\n        data-layout_tablet=\"groupLayout-Stack gutter_Default panelLayoutPhotoTextVertical  photoAspect-16-9\"\n        data-layout_desktop=\"groupLayout-Grid gutter_Default panelLayoutPhotoTextVertical  photoAspect-4-3\"\n        data-layout_xl=\"groupLayout-Grid gutter_Default panelLayoutPhotoTextVertical  photoAspect-4-3\">\n\n    <div class=\"background-wrapper\">\n        <div class=\"block-main-content\">\n            \n            \n            \n            \n            \n            <div class=\"panel-wrapper\">\n                \n                                \n                        <div class=\"panel bg-green  panelTypePhotoText    hasLink panelLinkTypeArrow\"\n                            data-role=\"tabpanel\"\n                            data-panel=\"panel--0\"\n                            id=\"panel--0\">\n\n                                                            <a href=\"https:\/\/legacy.nau.edu\/campus-living\/finding-your-hall-academic-year\/\"\n                                    target=\"_blank\"\n                                    alt=\"Encuentra tu residencia (Ing)\">\n                            \n                                                                    <picture>\n                                            <source srcset=\"https:\/\/legacy.nau.edu\/wp-content\/uploads\/sites\/215\/2023\/03\/Reslife-15-2000x1500.jpg\" media=\"(min-width: 1650px)\" \/><!-- xl -->\n                                            <source srcset=\"https:\/\/legacy.nau.edu\/wp-content\/uploads\/sites\/215\/2023\/03\/Reslife-15-2000x1500.jpg\" media=\"(min-width: 1100px)\" \/><!-- desktop -->\n                                            <source srcset=\"https:\/\/legacy.nau.edu\/wp-content\/uploads\/sites\/215\/2023\/03\/Reslife-15-1200x675.jpg\" media=\"(min-width: 768px)\" \/><!-- tablet -->\n                                            <source srcset=\"https:\/\/legacy.nau.edu\/wp-content\/uploads\/sites\/215\/2023\/03\/Reslife-15-800x450.jpg\" media=\"(min-width: 0px)\" \/><!-- mobile --><img src=\"https:\/\/legacy.nau.edu\/wp-content\/uploads\/sites\/215\/2023\/03\/Reslife-15.jpg\" alt=\"Estudiantes de NAU juegan a las cartas en un dormitorio.\"  \/>                                        <\/picture>\n                                        <div class=\"content\">\n                                            <div class=\"text-wrapper\">\n                                                \n                                                \n                                                \t\t\t\t\t\t\t\t\t\t\t\t\t\t<div class=\"text alt-link-caret\">\n\t\t\t\t\t\t\t\t\t\t\t\t\t\t\t<p>Encuentra una comunidad residencial adecuada.<\/p>\n\t\t\t\t\t\t\t\t\t\t\t\t\t\t<\/div>\n\t\t\t\t\t\t\t\t\t\t\t\t\t\t                                            <\/div>\n                                            \n                                                                                                                                                <span class=\"panel-arrow-text\">Encuentra tu residencia (Ing)<\/span>\n                                                                                                \n                                                <span role=\"none\" class=\"panel-link panelLinkTypeArrow\"><\/span>\n                                                                                    <\/div>\n                                    \n                                                                    <\/a>\n                                \n                                                        <\/div>\n                    \n                        <div class=\"panel bg-twilight  panelTypePhotoText    hasLink panelLinkTypeArrow\"\n                            data-role=\"tabpanel\"\n                            data-panel=\"panel--1\"\n                            id=\"panel--1\">\n\n                                                            <a href=\"https:\/\/legacy.nau.edu\/campus-living\/housing-costs\/\"\n                                    target=\"_blank\"\n                                    alt=\"Costos de alojamiento (Ing)\">\n                            \n                                                                    <picture>\n                                            <source srcset=\"https:\/\/legacy.nau.edu\/wp-content\/uploads\/sites\/215\/2023\/02\/8238_res_life_20180419-2000x1500-1.jpeg\" media=\"(min-width: 1650px)\" \/><!-- xl -->\n                                            <source srcset=\"https:\/\/legacy.nau.edu\/wp-content\/uploads\/sites\/215\/2023\/02\/8238_res_life_20180419-2000x1500-1.jpeg\" media=\"(min-width: 1100px)\" \/><!-- desktop -->\n                                            <source srcset=\"https:\/\/legacy.nau.edu\/wp-content\/uploads\/sites\/215\/2023\/02\/8238_res_life_20180419-2000x1500-1-1200x675.jpeg\" media=\"(min-width: 768px)\" \/><!-- tablet -->\n                                            <source srcset=\"https:\/\/legacy.nau.edu\/wp-content\/uploads\/sites\/215\/2023\/02\/8238_res_life_20180419-2000x1500-1-800x450.jpeg\" media=\"(min-width: 0px)\" \/><!-- mobile --><img src=\"https:\/\/legacy.nau.edu\/wp-content\/uploads\/sites\/215\/2023\/02\/8238_res_life_20180419-2000x1500-1.jpeg\" alt=\"Estudiantes juegan videojuegos juntos en un dormitorio de NAU.\"  \/>                                        <\/picture>\n                                        <div class=\"content\">\n                                            <div class=\"text-wrapper\">\n                                                \n                                                \n                                                \t\t\t\t\t\t\t\t\t\t\t\t\t\t<div class=\"text alt-link-caret\">\n\t\t\t\t\t\t\t\t\t\t\t\t\t\t\t<p>Explora los costos de las opciones de alojamiento en el campus.<\/p>\n\t\t\t\t\t\t\t\t\t\t\t\t\t\t<\/div>\n\t\t\t\t\t\t\t\t\t\t\t\t\t\t                                            <\/div>\n                                            \n                                                                                                                                                <span class=\"panel-arrow-text\">Costos de alojamiento (Ing)<\/span>\n                                                                                                \n                                                <span role=\"none\" class=\"panel-link panelLinkTypeArrow\"><\/span>\n                                                                                    <\/div>\n                                    \n                                                                    <\/a>\n                                \n                                                        <\/div>\n                                                <\/div>\n\n                    <\/div>\n    <\/div>\n<\/section>\n\n\n<h2 id=\"dining\">Comida<\/h2>\n\n\n\n<section  \n    class=\"nau-block nau-block-panels   \" \n    data-layout_mobile=\"groupLayout-Stack gutter_Default panelLayoutPhotoTextVertical  photoAspect-16-9\"\n        data-layout_tablet=\"groupLayout-Stack gutter_Default panelLayoutPhotoTextVertical  photoAspect-16-9\"\n        data-layout_desktop=\"groupLayout-Grid gutter_Default panelLayoutPhotoTextVertical  photoAspect-4-3\"\n        data-layout_xl=\"groupLayout-Grid gutter_Default panelLayoutPhotoTextVertical  photoAspect-4-3\">\n\n    <div class=\"background-wrapper\">\n        <div class=\"block-main-content\">\n            \n            \n            \n            \n            \n            <div class=\"panel-wrapper\">\n                \n                                \n                        <div class=\"panel bg-gold  panelTypePhotoText    hasLink panelLinkTypeArrow\"\n                            data-role=\"tabpanel\"\n                            data-panel=\"panel--0\"\n                            id=\"panel--0\">\n\n                                                            <a href=\"https:\/\/legacy.nau.edu\/experience\/dining\/\"\n                                    target=\"_blank\"\n                                    alt=\"Opciones de comidas (Ing)\">\n                            \n                                                                    <picture>\n                                            <source srcset=\"https:\/\/legacy.nau.edu\/wp-content\/uploads\/sites\/215\/2023\/02\/03-student_union_10022014_29325759874_o-2000x1365-1.jpeg\" media=\"(min-width: 1650px)\" \/><!-- xl -->\n                                            <source srcset=\"https:\/\/legacy.nau.edu\/wp-content\/uploads\/sites\/215\/2023\/02\/03-student_union_10022014_29325759874_o-2000x1365-1.jpeg\" media=\"(min-width: 1100px)\" \/><!-- desktop -->\n                                            <source srcset=\"https:\/\/legacy.nau.edu\/wp-content\/uploads\/sites\/215\/2023\/02\/03-student_union_10022014_29325759874_o-2000x1365-1-1200x675.jpeg\" media=\"(min-width: 768px)\" \/><!-- tablet -->\n                                            <source srcset=\"https:\/\/legacy.nau.edu\/wp-content\/uploads\/sites\/215\/2023\/02\/03-student_union_10022014_29325759874_o-2000x1365-1-800x450.jpeg\" media=\"(min-width: 0px)\" \/><!-- mobile --><img src=\"https:\/\/legacy.nau.edu\/wp-content\/uploads\/sites\/215\/2023\/02\/03-student_union_10022014_29325759874_o-2000x1365-1.jpeg\" alt=\"Dos estudiantes comen juntos en una mesa en un comedor de NAU.\"  \/>                                        <\/picture>\n                                        <div class=\"content\">\n                                            <div class=\"text-wrapper\">\n                                                \n                                                \n                                                \t\t\t\t\t\t\t\t\t\t\t\t\t\t<div class=\"text alt-link-caret\">\n\t\t\t\t\t\t\t\t\t\t\t\t\t\t\t<p>Encuentra tu mejor opci\u00f3n de comidas.<\/p>\n\t\t\t\t\t\t\t\t\t\t\t\t\t\t<\/div>\n\t\t\t\t\t\t\t\t\t\t\t\t\t\t                                            <\/div>\n                                            \n                                                                                                                                                <span class=\"panel-arrow-text\">Opciones de comidas (Ing)<\/span>\n                                                                                                \n                                                <span role=\"none\" class=\"panel-link panelLinkTypeArrow\"><\/span>\n                                                                                    <\/div>\n                                    \n                                                                    <\/a>\n                                \n                                                        <\/div>\n                    \n                        <div class=\"panel bg-sunset  panelTypePhotoText    hasLink panelLinkTypeArrow\"\n                            data-role=\"tabpanel\"\n                            data-panel=\"panel--1\"\n                            id=\"panel--1\">\n\n                                                            <a href=\"https:\/\/in.nau.edu\/dining\/meal-plans\/\"\n                                    target=\"_blank\"\n                                    alt=\"Planes de comidas (Ing)\">\n                            \n                                                                    <picture>\n                                            <source srcset=\"https:\/\/legacy.nau.edu\/wp-content\/uploads\/sites\/215\/2023\/02\/9423_JacksCard_20190306-2000x1500-1.jpeg\" media=\"(min-width: 1650px)\" \/><!-- xl -->\n                                            <source srcset=\"https:\/\/legacy.nau.edu\/wp-content\/uploads\/sites\/215\/2023\/02\/9423_JacksCard_20190306-2000x1500-1.jpeg\" media=\"(min-width: 1100px)\" \/><!-- desktop -->\n                                            <source srcset=\"https:\/\/legacy.nau.edu\/wp-content\/uploads\/sites\/215\/2023\/02\/9423_JacksCard_20190306-2000x1500-1-1200x675.jpeg\" media=\"(min-width: 768px)\" \/><!-- tablet -->\n                                            <source srcset=\"https:\/\/legacy.nau.edu\/wp-content\/uploads\/sites\/215\/2023\/02\/9423_JacksCard_20190306-2000x1500-1-800x450.jpeg\" media=\"(min-width: 0px)\" \/><!-- mobile --><img src=\"https:\/\/legacy.nau.edu\/wp-content\/uploads\/sites\/215\/2023\/02\/9423_JacksCard_20190306-2000x1500-1.jpeg\" alt=\"Un cajero devuelve una identificaci&oacute;n de estudiante en un comedor de NAU despu&eacute;s de marcar una comida.\"  \/>                                        <\/picture>\n                                        <div class=\"content\">\n                                            <div class=\"text-wrapper\">\n                                                \n                                                \n                                                \t\t\t\t\t\t\t\t\t\t\t\t\t\t<div class=\"text alt-link-caret\">\n\t\t\t\t\t\t\t\t\t\t\t\t\t\t\t<p>Explora los costos de los planes de comidas en el campus.<\/p>\n\t\t\t\t\t\t\t\t\t\t\t\t\t\t<\/div>\n\t\t\t\t\t\t\t\t\t\t\t\t\t\t                                            <\/div>\n                                            \n                                                                                                                                                <span class=\"panel-arrow-text\">Planes de comidas (Ing)<\/span>\n                                                                                                \n                                                <span role=\"none\" class=\"panel-link panelLinkTypeArrow\"><\/span>\n                                                                                    <\/div>\n                                    \n                                                                    <\/a>\n                                \n                                                        <\/div>\n                                                <\/div>\n\n                    <\/div>\n    <\/div>\n<\/section>\n\n\n<h2 class=\"has-text-align-left\" id=\"othercosts\">Otros costos, matr\u00edcula y cuotas<\/h2>\n\n\n\n<p>Comprender tu matr\u00edcula personalizada y las cuotas de asistencia te ayudar\u00e1n a tener \u00e9xito en los niveles m\u00e1s altos mientras estudias en la NAU. Use nuestra p\u00e1gina de <a href=\"https:\/\/legacy.nau.edu\/espanol\/matricula-costos\/\">matr\u00edcula y cuotas<\/a> para explorar todos los costos de asistencia asociados, desde alojamiento y planes de comidas en el campus hasta cuotas espec\u00edficas del programa y cuotas de matr\u00edcula basadas en la ubicaci\u00f3n, para tomar decisiones financieras informadas y permitirte alcanzar tus sue\u00f1os.<\/p>\n\n\n    <\/div>\n<\/section>\n\n<div class=\"nau-block nau-block-left-nav-bottom-bound\">\n\n<\/div>","protected":false},"excerpt":{"rendered":"","protected":false},"author":323,"featured_media":149,"parent":0,"menu_order":0,"comment_status":"closed","ping_status":"closed","template":"","meta":{"ring_central_script_selection":""},"acf":[],"_links":{"self":[{"href":"https:\/\/legacy.nau.edu\/espanol\/wp-json\/wp\/v2\/pages\/17"}],"collection":[{"href":"https:\/\/legacy.nau.edu\/espanol\/wp-json\/wp\/v2\/pages"}],"about":[{"href":"https:\/\/legacy.nau.edu\/espanol\/wp-json\/wp\/v2\/types\/page"}],"author":[{"embeddable":true,"href":"https:\/\/legacy.nau.edu\/espanol\/wp-json\/wp\/v2\/users\/323"}],"replies":[{"embeddable":true,"href":"https:\/\/legacy.nau.edu\/espanol\/wp-json\/wp\/v2\/comments?post=17"}],"version-history":[{"count":35,"href":"https:\/\/legacy.nau.edu\/espanol\/wp-json\/wp\/v2\/pages\/17\/revisions"}],"predecessor-version":[{"id":892,"href":"https:\/\/legacy.nau.edu\/espanol\/wp-json\/wp\/v2\/pages\/17\/revisions\/892"}],"wp:featuredmedia":[{"embeddable":true,"href":"https:\/\/legacy.nau.edu\/espanol\/wp-json\/wp\/v2\/media\/149"}],"wp:attachment":[{"href":"https:\/\/legacy.nau.edu\/espanol\/wp-json\/wp\/v2\/media?parent=17"}],"curies":[{"name":"wp","href":"https:\/\/api.w.org\/{rel}","templated":true}]}}