
{"id":21,"date":"2023-01-31T21:41:38","date_gmt":"2023-01-31T21:41:38","guid":{"rendered":"https:\/\/nau.edu\/espanol\/?page_id=21"},"modified":"2023-08-21T17:15:00","modified_gmt":"2023-08-21T17:15:00","slug":"comunidad-conexion","status":"publish","type":"page","link":"https:\/\/legacy.nau.edu\/espanol\/comunidad-conexion\/","title":{"rendered":"Comunidad y conexi\u00f3n"},"content":{"rendered":"<div class=\"nau-block nau-block-left-nav-top-bound\">\n    \t<button id=\"left-nav-toggle-btn\" onclick=\"toggleNav();\">\n\t\tEn esta p&aacute;gina \n\t\t<i id=\"chevron-icon\" class=\"fas fa-solid fa-chevron-down\"><\/i>\n\t<\/button>\n\t<div id=\"left-nav-menu-track\">\n\t\t<div id=\"left-nav-wrapper\">\n\t\t\t<div class=\"rfi-above-anchor-tags\">\n\t\t\t\t<div class=\"ri-container\">\n\t\t\t\t\t<a href=\"https:\/\/nau.edu\/admissions\/request-information\/\" id=\"request-info\" class=\"btn bg-true-blue left-nav-menu-bottom-button display-mobile\">Solicitar informaci&oacute;n&nbsp;&nbsp;<\/a>\t\t\t\t<\/div>\n\t\t\t<\/div>\n\t\t\t<div id=\"left-nav-menu\">\n\t\t\t\t<div class=\"menu-section menu-section-links\"><h6 class=\"hidden-mobile left-nav-list-header\">En esta p&aacute;gina<\/h6><ul class=\"left-nav-menu-list left-nav-automatic on-this-page\"><\/ul><div class=\"ri-container\"><a href=\"https:\/\/nau.edu\/admissions\/request-information\/\" id=\"request-info\" class=\"btn bg-true-blue left-nav-menu-bottom-button display-mobile\">Solicitar informaci&oacute;n&nbsp;&nbsp;<\/a><\/div><\/div>\t\t\t\t\t\t\t\t<div class=\"menu-section backcolor\">\n\t\t\t\t\t<div class=\"header\">\n\t\t\t\t\t\t&iquest;C&oacute;mo podemos ayudar?\t\t\t\t\t<\/div>\n\t\t\t\t\t<ul class=\"responsive-icons\">\n\t\t\t\t\t\t\t\t\t\t\t\t<li>\n\t\t\t\t\t\t\t<button class=\"link-button\" onclick=\"embedLouieChatbot();\">\n\t\t\t\t\t\t\t\t<img style=\"width: 20px;\" src=\"https:\/\/legacy.nau.edu\/wp-content\/themes\/nau-marketing-2021\/img\/icon-chat.svg\" alt=\"Live chat:\">\n\t\t\t\t\t\t\t\tCharlar\t\t\t\t\t\t\t<\/button>\n\t\t\t\t\t\t<\/li>\n\t\t\t\t\t\t\t\t\t\t\t\t\t\t\t\t\t\t<li><a href=\"tel:928-523-9501\"><img src=\"https:\/\/legacy.nau.edu\/wp-content\/themes\/nau-marketing-2021\/img\/icon-phone.svg\" alt=\"Telephone:\"> 928-523-9501<\/a>\n\t\t\t\t\t\t<\/li>\n\t\t\t\t\t\t\t\t\t\t\t\t<li><a href=\"mailto:admissions@nau.edu\"><img src=\"https:\/\/legacy.nau.edu\/wp-content\/themes\/nau-marketing-2021\/img\/icon-email.svg\" alt=\"Email:\"><span class=\"left-nav-email\"> admissions&#8203;@nau.edu <\/span><\/a><\/li>\n\t\t\t\t\t<\/ul>\n\t\t\t\t<\/div>\n\t\t\t\t\t\t\n\t\t\t<\/div>\n\t\t<\/div>\n\t<\/div>\n<\/div>\n\n<section class=\"nau-block left-nav-section\"><header class=\"entry-header\"><div class=\"breadcrumb\"><ol class=\"breadcrumbs\"><li class=\"current\">Pages<\/li><\/ol><\/div><h1 class=\"entry-title text-left \">Con\u00e9ctese en la NAU<\/h1><hr class=\"h1-hr  text-left \" role=\"none\"><\/header><!-- .entry-header --><\/section><!-- <section class=\"nau-block left-nav-section grid-md-12\">\n    <header class=\"entry-header\">\n        <h1 class=\"entry-title text-left \" tabindex=\"0\" id=\"h1-first\">Dummy H1<\/h1>\n        <hr class=\"h1-hr  text-left \" role=\"none\">\n    <\/header>\n<\/section> -->\n\n<section class=\"nau-block left-nav-section grid-md-12\">\n        <div class=\"page-content\">\n        \n\n<h2 id=\"create\"><strong>Construya tu mejor versi\u00f3n<\/strong><\/h2>\n\n\n\n\n<!-- removed margin utility classes pt-0 mb-0 mb-md-70 mb-lg-100 -->\n<section class=\"nau-block headline-image-wysiwyg  color-scheme-blue \">\n    <header class=\"hiw-head-and-hero-wrapper\">\n\n        \n        <picture>\n            <source media=\"(min-width: 1100px)\" srcset=\"https:\/\/legacy.nau.edu\/wp-content\/uploads\/sites\/215\/2023\/03\/3521Commencment20221216-2000x1125.jpg\">\n            <source media=\"(min-width: 768px)\" srcset=\"https:\/\/legacy.nau.edu\/wp-content\/uploads\/sites\/215\/2023\/03\/3521Commencment20221216-1200x900.jpg\">\n            <img src=\"https:\/\/legacy.nau.edu\/wp-content\/uploads\/sites\/215\/2023\/03\/3521Commencment20221216-800x600.jpg\" alt=\"En una ceremonia de graduaci&oacute;n de NAU, un nuevo graduado abraza a un miembro de la facultad.\">\n        <\/picture>\n    <\/header>\n\n    <div class=\"hiw-innerblockwrapper  \">\n        \n        <!--h3><\/h3-->\n\n        <div class=\"wp-block-columns\">\n            <div class=\"wp-block-column\"><p>Ya sea trabajando en el laboratorio de alguno de nuestros profesores de renombre mundial, buscando un amigo para ir a escalar una monta\u00f1a o simplemente <span style=\"font-weight: 400;\">pidi\u00e9ndole<\/span>\u00a0a un mentor que te recomiende una clase, un club o un caf\u00e9, nunca estar\u00e1s solo en la NAU.<\/p>\n<p>Estamos construidos sobre una base de apoyo, donde el acceso y el \u00e9xito est\u00e1n disponibles para todos los Lumberjacks.<\/p>\n<\/div>                    <\/div>\n\n                \n        <div class=\"wp-block-buttons alignright\">\n                    <\/div>\n    <\/div>\n<\/section>\n\n\n<section id=\"\" class=\"nau-block nau-block-statistic-triplet  has-2 \">\n    <!-- <hr role=\"none\" class=\"hr-clearspace\"> -->\n    <div class=\"stat-wrapper -grid grid-md-12 \">\n                <div class=\"triplet-stat bg-gold noHover stat-1 has-1-eyebrows\" data-repository=\"\">\n                <picture class=\"span-md-4 triplet-stat-picture\">\n                    <source media=\"(min-width: 1100px)\" srcset=\"https:\/\/legacy.nau.edu\/wp-content\/uploads\/sites\/215\/2023\/03\/348_move-in_08252016_29626208541_o-1200x675.jpg\">\n                    <img src=\"https:\/\/legacy.nau.edu\/wp-content\/uploads\/sites\/215\/2023\/03\/348_move-in_08252016_29626208541_o-800x450.jpg\" alt=\"Una familia felicita a su hijo despu&eacute;s de su aceptaci&oacute;n a NAU.\"  \/>                <\/picture>\n                <div class=\"content\">\n                                            <div class=\"eyebrow-underline span-md-4 noline\">&nbsp; <\/div>\n                                        <div class=\"number span-md-4\">\n                        El 46%                    <\/div>\n                    <div class=\"label span-md-4\">de los estudiantes de la NAU son los primeros miembros de sus familias que asisten a la universidad<\/div>\n                    <div class=\"publication span-md-4 plr-20 pb-20\">\n                                            <\/div>\n\n                <\/div>\n            <\/div>\n                        <div class=\"triplet-stat bg-monsoon noHover stat-2 has-1-eyebrows\" data-repository=\"\">\n                <picture class=\"span-md-4 triplet-stat-picture\">\n                    <source media=\"(min-width: 1100px)\" srcset=\"https:\/\/legacy.nau.edu\/wp-content\/uploads\/sites\/215\/2023\/03\/9135_veteran_success_center_20220105-1200x675.jpg\">\n                    <img src=\"https:\/\/legacy.nau.edu\/wp-content\/uploads\/sites\/215\/2023\/03\/9135_veteran_success_center_20220105-800x450.jpg\" alt=\"Dos estudiantes de NAU se sientan juntos y hablan en el Centro de &Eacute;xito para Veteranos.\"  \/>                <\/picture>\n                <div class=\"content\">\n                                            <div class=\"eyebrow-underline span-md-4\">Northern Arizona University&nbsp; <\/div>\n                                        <div class=\"number span-md-4\">\n                        9                    <\/div>\n                    <div class=\"label span-md-4\">a\u00f1os seguidos en la lista de las mejores universidades para veteranos<\/div>\n                    <div class=\"publication span-md-4 plr-20 pb-20\">\n                        Military Times                    <\/div>\n\n                <\/div>\n            <\/div>\n                <\/div>\n    <\/section>\n\t\t\t\n\n\n<h2 id=\"authentic\">S\u00e9 aut\u00e9ntico<\/h2>\n\n\n\n<p>Aqu\u00ed en la NAU, disfrutar\u00e1s programas y recursos que te permitir\u00e1n continuar con m\u00e1s de 100&nbsp;a\u00f1os de nuestras tradiciones, y hacerlas tuyas. Te invitamos a involucrarte y sacar fuerzas de tu comunidad a medida que vamos construyendo un mejor ma\u00f1ana. No importa qui\u00e9n seas, encontrar\u00e1s personas y proyectos en el campus que te apoyar\u00e1n en tu desarrollo y guiar\u00e1n hacia adelante.<\/p>\n\n\n\n<figure  class=\"nau-article-nice-blockquote no-photo\" data-repository=\"\">\n            <div class=\"text\">\n            <blockquote>\n                &#8220;Soy una mujer profesional latina (guatemalteca), orgullosa de mis ancestros ind\u00edgenas mayas. Mis propias experiencias me ense\u00f1aron que la diversidad y la inclusi\u00f3n importan. Mi objetivo es proporcionar un sal\u00f3n de clases accesible para estudiantes de todos los \u00e1mbitos de la vida, tratar de ser sensible a las necesidades y diferencias de mis estudiantes, y promover un ambiente de clase que ayude a los estudiantes a conectar sus propias experiencias con el tema en cuesti\u00f3n.&#8221;\n            <\/blockquote>\n            <figcaption>&#8211; Claudia Rodas, Profesora Cl\u00ednica Asociada, Departamento de Especialidades Educativas, Facultad de Educaci\u00f3n, NAU\u2013North Valley, y Asesora de HSI para NAU <\/figcaption>\n        <\/div>\n<\/figure>\n\n\n\n\n<h2 id=\"difference\">Es tu turno para marcar la diferencia<\/h2>\n\n\n\n\n<!-- removed margin utility classes pt-0 mb-0 mb-md-70 mb-lg-100 -->\n<section class=\"nau-block headline-image-wysiwyg  color-scheme-green \">\n    <header class=\"hiw-head-and-hero-wrapper\">\n\n        \n        <picture>\n            <source media=\"(min-width: 1100px)\" srcset=\"https:\/\/legacy.nau.edu\/wp-content\/uploads\/sites\/215\/2023\/03\/3263_amanda_de_la_torre_20200622-2000x1125.jpg\">\n            <source media=\"(min-width: 768px)\" srcset=\"https:\/\/legacy.nau.edu\/wp-content\/uploads\/sites\/215\/2023\/03\/3263_amanda_de_la_torre_20200622-1200x900.jpg\">\n            <img src=\"https:\/\/legacy.nau.edu\/wp-content\/uploads\/sites\/215\/2023\/03\/3263_amanda_de_la_torre_20200622-800x600.jpg\" alt=\"Una mujer teniendo una computadora port&aacute;til debajo un &aacute;rbol.\">\n        <\/picture>\n    <\/header>\n\n    <div class=\"hiw-innerblockwrapper  \">\n        \n        <!--h3><\/h3-->\n\n        <div class=\"wp-block-columns\">\n            <div class=\"wp-block-column\"><p>La NAU tiene un impacto dentro y fuera de Arizona a trav\u00e9s de nuestra investigaci\u00f3n e innovaci\u00f3n de vanguardia, la participaci\u00f3n en culturas locales, el \u00e9nfasis en las pr\u00e1cticas sostenibles, la influencia de nuestros exalumnos y m\u00e1s. Cuando seas parte de la familia de la NAU, podr\u00e1s participar en comunidades m\u00e1s amplias, y tambi\u00e9n generar un impacto.<\/p>\n<p>Te apoyamos desde antes de llegar al campus, a lo largo de tu tiempo como estudiante, hasta la graduaci\u00f3n y mas all\u00e1, para que puedas conectarte con sus pares, con tus metas y con el mundo.<\/p>\n<p>En cientos de formas, la NAU es una comunidad conectada: brinda becas de Arizona Teachers Academy para futuros educadores, crea formas innovadoras para ayudar a los estudiantes a alcanzar sus metas donde quiera que est\u00e9n y le ofrece a los estudiantes de primera generaci\u00f3n y a todos los estudiantes oportunidades para vivir una vida plena.<\/p>\n<\/div>                    <\/div>\n\n                \n        <div class=\"wp-block-buttons alignright\">\n                                        <div class=\"wp-block-button is-style-ghost-dark\"><a\n                                        href=\"https:\/\/legacy.nau.edu\/impact\/\"\n                                        target=\"_blank\" class=\"wp-block-button__link\">\n                                    Nuestro impacto (Ing)                                <\/a>\n                            <\/div>\n                                                        <div class=\"wp-block-button is-style-ghost-dark\"><a\n                                        href=\"https:\/\/legacy.nau.edu\/boundless\"\n                                        target=\"_blank\" class=\"wp-block-button__link\">\n                                    Historias ilimitadas (Ing)                                <\/a>\n                            <\/div>\n                                    <\/div>\n    <\/div>\n<\/section>\n\n\n\n<figure  class=\"nau-article-nice-blockquote no-photo\" data-repository=\"\">\n            <div class=\"text\">\n            <blockquote>\n                &#8220;Estoy muy orgullosa del programa del Colegio Comunitario de Glendale (GCC) de la NAU y de las personas que contribuyen a \u00e9l, tanto el personal como los estudiantes. El programa de comunicaci\u00f3n del GCC de NAU me transform\u00f3, al brindarme no s\u00f3lo preparaci\u00f3n para una carrera, sino tambi\u00e9n para la vida. Cualquiera que tenga la oportunidad de formar parte de esta comunidad y esta familia, encontrar\u00e1 un hogar para siempre.&#8221;\n            <\/blockquote>\n            <figcaption>&#8211; Reyna Castaneda, BS Estudios de la Comunicaci\u00f3n, 18 a\u00f1os<\/figcaption>\n        <\/div>\n<\/figure>\n\n\n\n\n<figure  class=\"nau-article-nice-blockquote no-photo\" data-repository=\"\">\n            <div class=\"text\">\n            <blockquote>\n                &#8220;Cuando llegu\u00e9 a Flagstaff, estaba indeciso e incierto acerca de mi futuro. R\u00e1pidamente me sent\u00ed cautivado por el programa de Ciencias de la Psicolog\u00eda. El apoyo del cuerpo docente me llev\u00f3 a tener un papel activo en la investigaci\u00f3n de licenciatura. Esa experiencia me ayud\u00f3 a comprometerme con el deseo de una educaci\u00f3n superior. Mi permanencia en la NAU me permiti\u00f3 abrazar mi experiencia distintiva como estudiante de primera generaci\u00f3n y abrir camino a mis aspiraciones profesionales.&#8221;\n            <\/blockquote>\n            <figcaption>&#8211; Jos\u00e9 Olais, BS Ciencias de la Psicolog\u00eda, 19 a\u00f1os<\/figcaption>\n        <\/div>\n<\/figure>\n\n\n\n    <\/div>\n<\/section>\n\n<div class=\"nau-block nau-block-left-nav-bottom-bound\">\n\n<\/div>","protected":false},"excerpt":{"rendered":"","protected":false},"author":323,"featured_media":332,"parent":0,"menu_order":0,"comment_status":"closed","ping_status":"closed","template":"","meta":{"ring_central_script_selection":""},"acf":[],"_links":{"self":[{"href":"https:\/\/legacy.nau.edu\/espanol\/wp-json\/wp\/v2\/pages\/21"}],"collection":[{"href":"https:\/\/legacy.nau.edu\/espanol\/wp-json\/wp\/v2\/pages"}],"about":[{"href":"https:\/\/legacy.nau.edu\/espanol\/wp-json\/wp\/v2\/types\/page"}],"author":[{"embeddable":true,"href":"https:\/\/legacy.nau.edu\/espanol\/wp-json\/wp\/v2\/users\/323"}],"replies":[{"embeddable":true,"href":"https:\/\/legacy.nau.edu\/espanol\/wp-json\/wp\/v2\/comments?post=21"}],"version-history":[{"count":34,"href":"https:\/\/legacy.nau.edu\/espanol\/wp-json\/wp\/v2\/pages\/21\/revisions"}],"predecessor-version":[{"id":876,"href":"https:\/\/legacy.nau.edu\/espanol\/wp-json\/wp\/v2\/pages\/21\/revisions\/876"}],"wp:featuredmedia":[{"embeddable":true,"href":"https:\/\/legacy.nau.edu\/espanol\/wp-json\/wp\/v2\/media\/332"}],"wp:attachment":[{"href":"https:\/\/legacy.nau.edu\/espanol\/wp-json\/wp\/v2\/media?parent=21"}],"curies":[{"name":"wp","href":"https:\/\/api.w.org\/{rel}","templated":true}]}}