
{"id":25,"date":"2023-01-31T21:43:22","date_gmt":"2023-01-31T21:43:22","guid":{"rendered":"https:\/\/nau.edu\/espanol\/?page_id=25"},"modified":"2023-08-21T17:15:01","modified_gmt":"2023-08-21T17:15:01","slug":"liderazgo-participacion","status":"publish","type":"page","link":"https:\/\/legacy.nau.edu\/espanol\/liderazgo-participacion\/","title":{"rendered":"Liderazgo y participaci\u00f3n"},"content":{"rendered":"<div class=\"nau-block nau-block-left-nav-top-bound\">\n    \t<button id=\"left-nav-toggle-btn\" onclick=\"toggleNav();\">\n\t\tEn esta p&aacute;gina \n\t\t<i id=\"chevron-icon\" class=\"fas fa-solid fa-chevron-down\"><\/i>\n\t<\/button>\n\t<div id=\"left-nav-menu-track\">\n\t\t<div id=\"left-nav-wrapper\">\n\t\t\t<div class=\"rfi-above-anchor-tags\">\n\t\t\t\t<div class=\"ri-container\">\n\t\t\t\t\t<a href=\"https:\/\/nau.edu\/admissions\/request-information\/\" id=\"request-info\" class=\"btn bg-true-blue left-nav-menu-bottom-button display-mobile\">Solicitar informaci&oacute;n&nbsp;&nbsp;<\/a>\t\t\t\t<\/div>\n\t\t\t<\/div>\n\t\t\t<div id=\"left-nav-menu\">\n\t\t\t\t<div class=\"menu-section menu-section-links\"><h6 class=\"hidden-mobile left-nav-list-header\">En esta p&aacute;gina<\/h6><ul class=\"left-nav-menu-list left-nav-automatic on-this-page\"><\/ul><div class=\"ri-container\"><a href=\"https:\/\/nau.edu\/admissions\/request-information\/\" id=\"request-info\" class=\"btn bg-true-blue left-nav-menu-bottom-button display-mobile\">Solicitar informaci&oacute;n&nbsp;&nbsp;<\/a><\/div><\/div>\t\t\t\t\t\t\t\t<div class=\"menu-section backcolor\">\n\t\t\t\t\t<div class=\"header\">\n\t\t\t\t\t\t&iquest;C&oacute;mo podemos ayudar?\t\t\t\t\t<\/div>\n\t\t\t\t\t<ul class=\"responsive-icons\">\n\t\t\t\t\t\t\t\t\t\t\t\t<li>\n\t\t\t\t\t\t\t<button class=\"link-button\" onclick=\"embedLouieChatbot();\">\n\t\t\t\t\t\t\t\t<img style=\"width: 20px;\" src=\"https:\/\/legacy.nau.edu\/wp-content\/themes\/nau-marketing-2021\/img\/icon-chat.svg\" alt=\"Live chat:\">\n\t\t\t\t\t\t\t\tCharlar\t\t\t\t\t\t\t<\/button>\n\t\t\t\t\t\t<\/li>\n\t\t\t\t\t\t\t\t\t\t\t\t\t\t\t\t\t\t<li><a href=\"tel:928-523-9501\"><img src=\"https:\/\/legacy.nau.edu\/wp-content\/themes\/nau-marketing-2021\/img\/icon-phone.svg\" alt=\"Telephone:\"> 928-523-9501<\/a>\n\t\t\t\t\t\t<\/li>\n\t\t\t\t\t\t\t\t\t\t\t\t<li><a href=\"mailto:admissions@nau.edu\"><img src=\"https:\/\/legacy.nau.edu\/wp-content\/themes\/nau-marketing-2021\/img\/icon-email.svg\" alt=\"Email:\"><span class=\"left-nav-email\"> admissions&#8203;@nau.edu <\/span><\/a><\/li>\n\t\t\t\t\t<\/ul>\n\t\t\t\t<\/div>\n\t\t\t\t\t\t\n\t\t\t<\/div>\n\t\t<\/div>\n\t<\/div>\n<\/div>\n\n<section class=\"nau-block left-nav-section\"><header class=\"entry-header\"><div class=\"breadcrumb\"><ol class=\"breadcrumbs\"><li class=\"current\">Pages<\/li><\/ol><\/div><h1 class=\"entry-title text-left \">Liderar el camino<\/h1><hr class=\"h1-hr  text-left \" role=\"none\"><\/header><!-- .entry-header --><\/section><!-- <section class=\"nau-block left-nav-section grid-md-12\">\n    <header class=\"entry-header\">\n        <h1 class=\"entry-title text-left \" tabindex=\"0\" id=\"h1-first\">Dummy H1<\/h1>\n        <hr class=\"h1-hr  text-left \" role=\"none\">\n    <\/header>\n<\/section> -->\n\n<section class=\"nau-block left-nav-section grid-md-12\">\n        <div class=\"page-content\">\n        \n\n<h2 id=\"future\">El futuro es tuyo<\/h2>\n\n\n\n\n<!-- removed margin utility classes pt-0 mb-0 mb-md-70 mb-lg-100 -->\n<section class=\"nau-block headline-image-wysiwyg  color-scheme-blue \">\n    <header class=\"hiw-head-and-hero-wrapper\">\n\n        \n        <picture>\n            <source media=\"(min-width: 1100px)\" srcset=\"https:\/\/legacy.nau.edu\/wp-content\/uploads\/sites\/215\/2023\/03\/9594_jordan_ojeda_20190227-1-e1677698881740-1812x1125.jpg\">\n            <source media=\"(min-width: 768px)\" srcset=\"https:\/\/legacy.nau.edu\/wp-content\/uploads\/sites\/215\/2023\/03\/9594_jordan_ojeda_20190227-1-e1677698881740-1200x900.jpg\">\n            <img src=\"https:\/\/legacy.nau.edu\/wp-content\/uploads\/sites\/215\/2023\/03\/9594_jordan_ojeda_20190227-1-e1677698881740-800x600.jpg\" alt=\"Tres personas sentadas conversando enfrente de una computadora.\">\n        <\/picture>\n    <\/header>\n\n    <div class=\"hiw-innerblockwrapper  \">\n        \n        <!--h3><\/h3-->\n\n        <div class=\"wp-block-columns\">\n            <div class=\"wp-block-column\"><p>Tienes la oportunidad de hacer que las cosas sucedan en NAU. Puedes asumir roles de liderazgo disponibles en diversas \u00e1reas de la universidad, ser un mentor para ayudar a otros estudiantes a lograr su \u00e9xito o ayudar a traer actividades divertidas al campus. Elijas lo que elijas, conocer\u00e1s gente nueva y construir\u00e1s experiencias valiosas.<\/p>\n<\/div>                    <\/div>\n\n                \n        <div class=\"wp-block-buttons alignright\">\n                    <\/div>\n    <\/div>\n<\/section>\n\n\n\n<h2 id=\"leader\">Convi\u00e9rtase en un l\u00edder<\/h2>\n\n\n<section         class=\"nau-article-block-simple-color-text-photo bg-gold  hasLink\">\n            <figure>\n            <picture>\n                <source srcset=\"https:\/\/legacy.nau.edu\/wp-content\/uploads\/sites\/215\/2023\/03\/9908_joey_carosilva_20220118-1200x900.jpg\" media=\"(min-width: 768px)\" \/><source srcset=\"https:\/\/legacy.nau.edu\/wp-content\/uploads\/sites\/215\/2023\/03\/9908_joey_carosilva_20220118-1200x900.jpg\" media=\"(min-width: 1100px)\" \/><img src=\"https:\/\/legacy.nau.edu\/wp-content\/uploads\/sites\/215\/2023\/03\/9908_joey_carosilva_20220118-800x600.jpg\" alt=\"Dos personas se encuentran en un hueco de escalera.\"  \/>            <\/picture>\n                    <\/figure>\n    \n        <hr role=\"none\" class=\"hr-clearspace-20 d-none-md\">\n\n                        <p>Puedes ser un l\u00edder de grupo con una organizaci\u00f3n de NAU, un oficial de seguridad de laboratorio o desempe\u00f1ar cualquier n\u00famero de roles de liderazgo en el campus. Independientemente de tu t\u00edtulo, todas estas oportunidades desarrollar\u00e1n las habilidades y la confianza que necesitas para iniciar una carrera exitosa.<\/p>\n<p>Busca oportunidades de liderazgo en clubes y organizaciones o dentro de una fraternidad o sororidad. La NAU ofrece una variedad de formas para profundizar en lo que significa ser un l\u00edder eficaz. Al comenzar el primer a\u00f1o, puedes reunirte con otros estudiantes interesados en perfeccionar tus habilidades de liderazgo participando en <a href=\"https:\/\/in.nau.edu\/dean-of-students\/edge\/\">The Edge Leadership Experience<\/a>.<\/p>\n<p>&nbsp;<\/p>\n\n                <a href=\"https:\/\/in.nau.edu\/dean-of-students\/involvement\/\" target=\"_blank\" class=\"link link_padding\">M\u00e1s informaci\u00f3n sobre oportunidades de liderazgo para estudiantes (Ing)<\/a>\n        \n\n<\/section>\n\n\n<h2 id=\"community\">Construya comunidad<\/h2>\n\n\n\n<section  \n    class=\"nau-block nau-block-panels   \" \n    data-layout_mobile=\"groupLayout-Stack gutter_Default panelLayoutPhotoTextVertical  photoAspect-16-9\"\n        data-layout_tablet=\"groupLayout-Stack gutter_Default panelLayoutPhotoTextVertical  photoAspect-16-9\"\n        data-layout_desktop=\"groupLayout-Grid gutter_Default panelLayoutPhotoTextVertical  photoAspect-4-3\"\n        data-layout_xl=\"groupLayout-Grid gutter_Default panelLayoutPhotoTextVertical  photoAspect-4-3\">\n\n    <div class=\"background-wrapper\">\n        <div class=\"block-main-content\">\n            \n            \n            \n            \n            \n            <div class=\"panel-wrapper\">\n                \n                                \n                        <div class=\"panel bg-green  panelTypePhotoText    hasLink panelLinkTypeArrow\"\n                            data-role=\"tabpanel\"\n                            data-panel=\"panel--0\"\n                            id=\"panel--0\">\n\n                                                            <a href=\"https:\/\/legacy.nau.edu\/leap\/\"\n                                    target=\"_blank\"\n                                    alt=\"\">\n                            \n                                                                    <picture>\n                                            <source srcset=\"https:\/\/legacy.nau.edu\/wp-content\/uploads\/sites\/215\/2023\/03\/CR-10-2000x1365.jpg\" media=\"(min-width: 1650px)\" \/><!-- xl -->\n                                            <source srcset=\"https:\/\/legacy.nau.edu\/wp-content\/uploads\/sites\/215\/2023\/03\/CR-10-2000x1365.jpg\" media=\"(min-width: 1100px)\" \/><!-- desktop -->\n                                            <source srcset=\"https:\/\/legacy.nau.edu\/wp-content\/uploads\/sites\/215\/2023\/03\/CR-10-1200x675.jpg\" media=\"(min-width: 768px)\" \/><!-- tablet -->\n                                            <source srcset=\"https:\/\/legacy.nau.edu\/wp-content\/uploads\/sites\/215\/2023\/03\/CR-10-800x450.jpg\" media=\"(min-width: 0px)\" \/><!-- mobile --><img src=\"https:\/\/legacy.nau.edu\/wp-content\/uploads\/sites\/215\/2023\/03\/CR-10.jpg\" alt=\"Un grupo de estudiantes de NAU sentados alrededor de una mesa al aire libre platicando.\"  \/>                                        <\/picture>\n                                        <div class=\"content\">\n                                            <div class=\"text-wrapper\">\n                                                \n                                                                                                    <h3 class=\" h4\">Crear actividades<\/h3>\n                                                \n                                                \t\t\t\t\t\t\t\t\t\t\t\t\t\t<div class=\"text alt-link-caret\">\n\t\t\t\t\t\t\t\t\t\t\t\t\t\t\t<p><!-- wp:paragraph --><\/p>\n<p class=\"FirstParagraph\">\u00danete a otros estudiantes para crear eventos que celebren ser le\u00f1ador o brindar un momento para relajarte y desestresarte. Puedes ayudar con las festividades anuales de retorno de ex alumnos y el fin de semana familiar, trabajar para traer c\u00f3micos u otros artistas al campus, o ayudar a planificar eventos que celebren la diversidad de culturas en la NAU.<\/p>\n<p><!-- \/wp:paragraph --><\/p>\n\t\t\t\t\t\t\t\t\t\t\t\t\t\t<\/div>\n\t\t\t\t\t\t\t\t\t\t\t\t\t\t                                            <\/div>\n                                            \n                                                                                                                                            \n                                                <span role=\"none\" class=\"panel-link panelLinkTypeArrow\"><\/span>\n                                                                                    <\/div>\n                                    \n                                                                    <\/a>\n                                \n                                                        <\/div>\n                    \n                        <div class=\"panel bg-twilight  panelTypePhotoText    hasLink panelLinkTypeArrow\"\n                            data-role=\"tabpanel\"\n                            data-panel=\"panel--1\"\n                            id=\"panel--1\">\n\n                                                            <a href=\"https:\/\/legacy.nau.edu\/leap\/student-affairs-mentoring\/\"\n                                    target=\"_blank\"\n                                    alt=\"Programa de mentores (Ing)\">\n                            \n                                                                    <picture>\n                                            <source srcset=\"https:\/\/legacy.nau.edu\/wp-content\/uploads\/sites\/215\/2023\/03\/9725_yuma_campus_20191104-2000x1365-1.jpeg\" media=\"(min-width: 1650px)\" \/><!-- xl -->\n                                            <source srcset=\"https:\/\/legacy.nau.edu\/wp-content\/uploads\/sites\/215\/2023\/03\/9725_yuma_campus_20191104-2000x1365-1.jpeg\" media=\"(min-width: 1100px)\" \/><!-- desktop -->\n                                            <source srcset=\"https:\/\/legacy.nau.edu\/wp-content\/uploads\/sites\/215\/2023\/03\/9725_yuma_campus_20191104-2000x1365-1-1200x675.jpeg\" media=\"(min-width: 768px)\" \/><!-- tablet -->\n                                            <source srcset=\"https:\/\/legacy.nau.edu\/wp-content\/uploads\/sites\/215\/2023\/03\/9725_yuma_campus_20191104-2000x1365-1-800x450.jpeg\" media=\"(min-width: 0px)\" \/><!-- mobile --><img src=\"https:\/\/legacy.nau.edu\/wp-content\/uploads\/sites\/215\/2023\/03\/9725_yuma_campus_20191104-2000x1365-1.jpeg\" alt=\"Tres estudiantes sentados alrededor de una mesa en el campus de NAU-Yuma estudiando.\"  \/>                                        <\/picture>\n                                        <div class=\"content\">\n                                            <div class=\"text-wrapper\">\n                                                \n                                                                                                    <h3 class=\" h4\">Estudiantes ayudando a otros estudiantes<\/h3>\n                                                \n                                                \t\t\t\t\t\t\t\t\t\t\t\t\t\t<div class=\"text alt-link-caret\">\n\t\t\t\t\t\t\t\t\t\t\t\t\t\t\t<p><!-- wp:paragraph --><\/p>\n<p class=\"FirstParagraph\">La mentor\u00eda entre pares utiliza el poder de estudiantes como t\u00fa para ayudar a otros estudiantes a tener \u00e9xito. S\u00f3lo los estudiantes pueden entender realmente c\u00f3mo es, en este momento, ser un estudiante universitario. Eso es lo que hace que la tutor\u00eda entre pares sea tan importante.<\/p>\n<p><!-- \/wp:paragraph --><\/p>\n\t\t\t\t\t\t\t\t\t\t\t\t\t\t<\/div>\n\t\t\t\t\t\t\t\t\t\t\t\t\t\t                                            <\/div>\n                                            \n                                                                                                                                            \n                                                <span role=\"none\" class=\"panel-link panelLinkTypeArrow\"><\/span>\n                                                                                    <\/div>\n                                    \n                                                                    <\/a>\n                                \n                                                        <\/div>\n                                                <\/div>\n\n                    <\/div>\n    <\/div>\n<\/section>\n\n    <\/div>\n<\/section>\n\n<div class=\"nau-block nau-block-left-nav-bottom-bound\">\n\n<\/div>","protected":false},"excerpt":{"rendered":"","protected":false},"author":323,"featured_media":365,"parent":0,"menu_order":0,"comment_status":"closed","ping_status":"closed","template":"","meta":{"ring_central_script_selection":""},"acf":[],"_links":{"self":[{"href":"https:\/\/legacy.nau.edu\/espanol\/wp-json\/wp\/v2\/pages\/25"}],"collection":[{"href":"https:\/\/legacy.nau.edu\/espanol\/wp-json\/wp\/v2\/pages"}],"about":[{"href":"https:\/\/legacy.nau.edu\/espanol\/wp-json\/wp\/v2\/types\/page"}],"author":[{"embeddable":true,"href":"https:\/\/legacy.nau.edu\/espanol\/wp-json\/wp\/v2\/users\/323"}],"replies":[{"embeddable":true,"href":"https:\/\/legacy.nau.edu\/espanol\/wp-json\/wp\/v2\/comments?post=25"}],"version-history":[{"count":19,"href":"https:\/\/legacy.nau.edu\/espanol\/wp-json\/wp\/v2\/pages\/25\/revisions"}],"predecessor-version":[{"id":881,"href":"https:\/\/legacy.nau.edu\/espanol\/wp-json\/wp\/v2\/pages\/25\/revisions\/881"}],"wp:featuredmedia":[{"embeddable":true,"href":"https:\/\/legacy.nau.edu\/espanol\/wp-json\/wp\/v2\/media\/365"}],"wp:attachment":[{"href":"https:\/\/legacy.nau.edu\/espanol\/wp-json\/wp\/v2\/media?parent=25"}],"curies":[{"name":"wp","href":"https:\/\/api.w.org\/{rel}","templated":true}]}}