
{"id":27,"date":"2023-01-31T21:41:21","date_gmt":"2023-01-31T21:41:21","guid":{"rendered":"https:\/\/nau.edu\/espanol\/?page_id=27"},"modified":"2023-08-21T17:15:00","modified_gmt":"2023-08-21T17:15:00","slug":"clubes","status":"publish","type":"page","link":"https:\/\/legacy.nau.edu\/espanol\/clubes\/","title":{"rendered":"Clubes y organizaciones"},"content":{"rendered":"<div class=\"nau-block nau-block-left-nav-top-bound\">\n    \t<button id=\"left-nav-toggle-btn\" onclick=\"toggleNav();\">\n\t\tEn esta p&aacute;gina \n\t\t<i id=\"chevron-icon\" class=\"fas fa-solid fa-chevron-down\"><\/i>\n\t<\/button>\n\t<div id=\"left-nav-menu-track\">\n\t\t<div id=\"left-nav-wrapper\">\n\t\t\t<div class=\"rfi-above-anchor-tags\">\n\t\t\t\t<div class=\"ri-container\">\n\t\t\t\t\t<a href=\"https:\/\/nau.edu\/admissions\/request-information\/\" id=\"request-info\" class=\"btn bg-true-blue left-nav-menu-bottom-button display-mobile\">Solicitar informaci&oacute;n&nbsp;&nbsp;<\/a>\t\t\t\t<\/div>\n\t\t\t<\/div>\n\t\t\t<div id=\"left-nav-menu\">\n\t\t\t\t<div class=\"menu-section menu-section-links\"><h6 class=\"hidden-mobile left-nav-list-header\">En esta p&aacute;gina<\/h6><ul class=\"left-nav-menu-list left-nav-automatic on-this-page\"><\/ul><div class=\"ri-container\"><a href=\"https:\/\/nau.edu\/admissions\/request-information\/\" id=\"request-info\" class=\"btn bg-true-blue left-nav-menu-bottom-button display-mobile\">Solicitar informaci&oacute;n&nbsp;&nbsp;<\/a><\/div><\/div>\t\t\t\t\t\t\t\t<div class=\"menu-section backcolor\">\n\t\t\t\t\t<div class=\"header\">\n\t\t\t\t\t\t&iquest;C&oacute;mo podemos ayudar?\t\t\t\t\t<\/div>\n\t\t\t\t\t<ul class=\"responsive-icons\">\n\t\t\t\t\t\t\t\t\t\t\t\t<li>\n\t\t\t\t\t\t\t<button class=\"link-button\" onclick=\"embedLouieChatbot();\">\n\t\t\t\t\t\t\t\t<img style=\"width: 20px;\" src=\"https:\/\/legacy.nau.edu\/wp-content\/themes\/nau-marketing-2021\/img\/icon-chat.svg\" alt=\"Live chat:\">\n\t\t\t\t\t\t\t\tCharlar\t\t\t\t\t\t\t<\/button>\n\t\t\t\t\t\t<\/li>\n\t\t\t\t\t\t\t\t\t\t\t\t\t\t\t\t\t\t<li><a href=\"tel:928-523-9501\"><img src=\"https:\/\/legacy.nau.edu\/wp-content\/themes\/nau-marketing-2021\/img\/icon-phone.svg\" alt=\"Telephone:\"> 928-523-9501<\/a>\n\t\t\t\t\t\t<\/li>\n\t\t\t\t\t\t\t\t\t\t\t\t<li><a href=\"mailto:admissions@nau.edu\"><img src=\"https:\/\/legacy.nau.edu\/wp-content\/themes\/nau-marketing-2021\/img\/icon-email.svg\" alt=\"Email:\"><span class=\"left-nav-email\"> admissions&#8203;@nau.edu <\/span><\/a><\/li>\n\t\t\t\t\t<\/ul>\n\t\t\t\t<\/div>\n\t\t\t\t\t\t\n\t\t\t<\/div>\n\t\t<\/div>\n\t<\/div>\n<\/div>\n\n<section class=\"nau-block left-nav-section\"><header class=\"entry-header\"><div class=\"breadcrumb\"><ol class=\"breadcrumbs\"><li class=\"current\">Pages<\/li><\/ol><\/div><h1 class=\"entry-title text-left \">Clubes de la NAU<\/h1><hr class=\"h1-hr  text-left \" role=\"none\"><\/header><!-- .entry-header --><\/section><!-- <section class=\"nau-block left-nav-section grid-md-12\">\n    <header class=\"entry-header\">\n        <h1 class=\"entry-title text-left \" tabindex=\"0\" id=\"h1-first\">Dummy H1<\/h1>\n        <hr class=\"h1-hr  text-left \" role=\"none\">\n    <\/header>\n<\/section> -->\n\n<section class=\"nau-block left-nav-section grid-md-12\">\n        <div class=\"page-content\">\n        \n\n<h2>Algo para todos<\/h2>\n\n\n\n<p>Ya sea que desees conocer personas con los mismos intereses, explorar algo nuevo, ayudar a otros, desarrollar habilidades nuevas o simplemente divertirte, es muy probable que la Northern Arizona University (NAU) tenga un club o una organizaci\u00f3n para ti. Si no es as\u00ed, puedes iniciar uno.<\/p>\n\n\n\n<p>Los clubes y organizaciones de la NAU se dividen en categor\u00edas, que incluyen clubes culturales, de juegos, fraternidad\/hermandad, religiosos, de inter\u00e9s especial, deportivos y m\u00e1s. Con\u00e9ctate con estudiantes de ideas afines y adquiere habilidades de liderazgo o diversif\u00edcate y aprenda algo completamente diferente.<\/p>\n\n\n\n\n<!-- removed margin utility classes pt-0 mb-0 mb-md-70 mb-lg-100 -->\n<section class=\"nau-block headline-image-wysiwyg  color-scheme-green \">\n    <header class=\"hiw-head-and-hero-wrapper\">\n\n        \n        <picture>\n            <source media=\"(min-width: 1100px)\" srcset=\"https:\/\/legacy.nau.edu\/wp-content\/uploads\/sites\/215\/2023\/03\/5896_clubs_and_orgs_20210820-2000x1125.jpg\">\n            <source media=\"(min-width: 768px)\" srcset=\"https:\/\/legacy.nau.edu\/wp-content\/uploads\/sites\/215\/2023\/03\/5896_clubs_and_orgs_20210820-1200x900.jpg\">\n            <img src=\"https:\/\/legacy.nau.edu\/wp-content\/uploads\/sites\/215\/2023\/03\/5896_clubs_and_orgs_20210820-800x600.jpg\" alt=\"Un estudiante da una se&ntilde;al de aprobaci&oacute;n mientras repartiendo informaci&oacute;n sobre clubes de estudiantes de NAU en el campus.\">\n        <\/picture>\n    <\/header>\n\n    <div class=\"hiw-innerblockwrapper  \">\n        \n        <!--h3><\/h3-->\n\n        <div class=\"wp-block-columns\">\n            <div class=\"wp-block-column\"><p>Aqu\u00ed hay algunos ejemplos de grupos a los que te puedes unir:<\/p>\n<ul>\n<li>Asociaci\u00f3n Estadounidense de Estudiantes de Medicina.<\/li>\n<li>Club de bot\u00e1nica.<\/li>\n<li>Club de f\u00fatbol.<\/li>\n<li>Hermanas, United for Change.<\/li>\n<li>LaFe \u2013 Asociaci\u00f3n cristiana Latino Christian Fellowship of Intervarsity.<\/li>\n<li>Club de danza latina.<\/li>\n<li>Asociaci\u00f3n de estudiantes Latine.<\/li>\n<li>Los Cristeros.<\/li>\n<li>Aspirantes a educadores de la NAU.<\/li>\n<li>Club de b\u00e9isbol de la NAU.<\/li>\n<li>Sociedad de ingenieros profesionales hispanos de la NAU.<\/li>\n<li>No m\u00e1s muertes.<\/li>\n<li>Omega Delta Phi.<\/li>\n<li>Sociedad para el Avance de Chicanos\/Hispanos y Nativos Americanos en la Ciencia.<\/li>\n<\/ul>\n<p>Explora los m\u00e1s de 350 clubes y organizaciones de la NAU en True Blue Connects. En True Blue Connects, puede ver los eventos m\u00e1s recientes de la organizaci\u00f3n, encontrar una organizaci\u00f3n en su \u00e1rea de inter\u00e9s o leer las \u00faltimas noticias de la organizaci\u00f3n.<\/p>\n<p>&nbsp;<\/p>\n<\/div>                    <\/div>\n\n                \n        <div class=\"wp-block-buttons alignright\">\n                                        <div class=\"wp-block-button is-style-ghost-dark\"><a\n                                        href=\"https:\/\/nau.campuslabs.com\/engage\"\n                                        target=\"_blank\" class=\"wp-block-button__link\">\n                                    Encuentra un club u organizaci\u00f3n (Ing)                                <\/a>\n                            <\/div>\n                                                        <div class=\"wp-block-button is-style-ghost-dark\"><a\n                                        href=\"http:\/\/legacy.nau.edu\/get-involved\"\n                                        target=\"_blank\" class=\"wp-block-button__link\">\n                                    Oficina de Liderazgo y Compromiso (Ing)                                <\/a>\n                            <\/div>\n                                    <\/div>\n    <\/div>\n<\/section>\n\n\n\n<h2>Encuentre su grupo<\/h2>\n\n\n\n\n<!-- removed margin utility classes pt-0 mb-0 mb-md-70 mb-lg-100 -->\n<section class=\"nau-block headline-image-wysiwyg  color-scheme-blue \">\n    <header class=\"hiw-head-and-hero-wrapper\">\n\n        \n        <picture>\n            <source media=\"(min-width: 1100px)\" srcset=\"https:\/\/legacy.nau.edu\/wp-content\/uploads\/sites\/215\/2023\/03\/4636_homecoming_parade_20221105-2-2000x1125.jpg\">\n            <source media=\"(min-width: 768px)\" srcset=\"https:\/\/legacy.nau.edu\/wp-content\/uploads\/sites\/215\/2023\/03\/4636_homecoming_parade_20221105-2-1200x900.jpg\">\n            <img src=\"https:\/\/legacy.nau.edu\/wp-content\/uploads\/sites\/215\/2023\/03\/4636_homecoming_parade_20221105-2-800x600.jpg\" alt=\"Representantes de NAU Logging Wheels organizaci&oacute;n estudiantil caminan en el desfile de Homecoming.\">\n        <\/picture>\n    <\/header>\n\n    <div class=\"hiw-innerblockwrapper  \">\n        \n        <!--h3><\/h3-->\n\n        <div class=\"wp-block-columns\">\n            <div class=\"wp-block-column\"><h2>\u00bfPor qu\u00e9 participar?<\/h2>\n<p>Adem\u00e1s de hacer amigos, divertirse y retribuir, los estudios demuestran que los estudiantes que participan obtienen mejores resultados acad\u00e9micos. Los estudiantes que son activos en las organizaciones y los clubes universitarios ven beneficios en el liderazgo, el desarrollo cognitivo, el desempe\u00f1o acad\u00e9mico y la conciencia multicultural.<\/p>\n<\/div>                    <\/div>\n\n                \n        <div class=\"wp-block-buttons alignright\">\n                                        <div class=\"wp-block-button is-style-ghost-dark\"><a\n                                        href=\"https:\/\/legacy.nau.edu\/experience\/sports-and-athletics\/\"\n                                        target=\"_blank\" class=\"wp-block-button__link\">\n                                    Clubes deportivos (Ing)                                <\/a>\n                            <\/div>\n                                                        <div class=\"wp-block-button is-style-ghost-dark\"><a\n                                        href=\"https:\/\/www.youtube.com\/watch?v=0nxRczU0kek&#038;t=52s\"\n                                        target=\"_blank\" class=\"wp-block-button__link\">\n                                    Participa en la NAU (Ing)                                <\/a>\n                            <\/div>\n                                    <\/div>\n    <\/div>\n<\/section>\n\n\n\n<h2>Crezca con nosotros<\/h2>\n\n\n\n<section  \n    class=\"nau-block nau-block-panels   \" \n    data-layout_mobile=\"groupLayout-Stack gutter_Default panelLayoutPhotoTextVertical  photoAspect-16-9\"\n        data-layout_tablet=\"groupLayout-Stack gutter_Default panelLayoutPhotoTextVertical  photoAspect-16-9\"\n        data-layout_desktop=\"groupLayout-Grid gutter_Default panelLayoutPhotoTextVertical  photoAspect-4-3\"\n        data-layout_xl=\"groupLayout-Grid gutter_Default panelLayoutPhotoTextVertical  photoAspect-4-3\">\n\n    <div class=\"background-wrapper\">\n        <div class=\"block-main-content\">\n            \n            \n            \n            \n            \n            <div class=\"panel-wrapper\">\n                \n                                \n                        <div class=\"panel bg-true-blue  panelTypePhotoText    hasLink panelLinkTypeArrow\"\n                            data-role=\"tabpanel\"\n                            data-panel=\"panel--0\"\n                            id=\"panel--0\">\n\n                                                            <a href=\"https:\/\/nau.campuslabs.com\/engage\"\n                                    target=\"_blank\"\n                                    alt=\"True Blue Connects\">\n                            \n                                                                    <picture>\n                                            <source srcset=\"https:\/\/legacy.nau.edu\/wp-content\/uploads\/sites\/215\/2023\/03\/2188_alumni_school_spirit_20190730-2000x1365.jpg\" media=\"(min-width: 1650px)\" \/><!-- xl -->\n                                            <source srcset=\"https:\/\/legacy.nau.edu\/wp-content\/uploads\/sites\/215\/2023\/03\/2188_alumni_school_spirit_20190730-2000x1365.jpg\" media=\"(min-width: 1100px)\" \/><!-- desktop -->\n                                            <source srcset=\"https:\/\/legacy.nau.edu\/wp-content\/uploads\/sites\/215\/2023\/03\/2188_alumni_school_spirit_20190730-1200x675.jpg\" media=\"(min-width: 768px)\" \/><!-- tablet -->\n                                            <source srcset=\"https:\/\/legacy.nau.edu\/wp-content\/uploads\/sites\/215\/2023\/03\/2188_alumni_school_spirit_20190730-800x450.jpg\" media=\"(min-width: 0px)\" \/><!-- mobile --><img src=\"https:\/\/legacy.nau.edu\/wp-content\/uploads\/sites\/215\/2023\/03\/2188_alumni_school_spirit_20190730.jpg\" alt=\"Dos estudiantes demuestran en orgullo de la universidad usando ropa de NAU y agitando pompones.\"  \/>                                        <\/picture>\n                                        <div class=\"content\">\n                                            <div class=\"text-wrapper\">\n                                                \n                                                                                                    <h3 class=\" h4\">True Blue Connects<\/h3>\n                                                \n                                                \t\t\t\t\t\t\t\t\t\t\t\t\t\t<div class=\"text alt-link-caret\">\n\t\t\t\t\t\t\t\t\t\t\t\t\t\t\t<p>True Blue Connects tiene los recursos para los clubes y las organizaciones de NAU. Ve los \u00faltimos eventos y organizaciones que te interesen o lee sobre las \u00faltimas noticias de las organizaciones.<\/p>\n<p>Aprende m\u00e1s sobre True Blue Connects.<\/p>\n\t\t\t\t\t\t\t\t\t\t\t\t\t\t<\/div>\n\t\t\t\t\t\t\t\t\t\t\t\t\t\t                                            <\/div>\n                                            \n                                                                                                                                            \n                                                <span role=\"none\" class=\"panel-link panelLinkTypeArrow\"><\/span>\n                                                                                    <\/div>\n                                    \n                                                                    <\/a>\n                                \n                                                        <\/div>\n                    \n                        <div class=\"panel bg-green  panelTypePhotoText    hasLink panelLinkTypeArrow\"\n                            data-role=\"tabpanel\"\n                            data-panel=\"panel--1\"\n                            id=\"panel--1\">\n\n                                                            <a href=\"https:\/\/legacy.nau.edu\/leap\/start-your-own-club\/\"\n                                    target=\"_blank\"\n                                    alt=\"(Ing)\">\n                            \n                                                                    <picture>\n                                            <source srcset=\"https:\/\/legacy.nau.edu\/wp-content\/uploads\/sites\/215\/2023\/03\/CR-10-1-2000x1500.jpg\" media=\"(min-width: 1650px)\" \/><!-- xl -->\n                                            <source srcset=\"https:\/\/legacy.nau.edu\/wp-content\/uploads\/sites\/215\/2023\/03\/CR-10-1-2000x1500.jpg\" media=\"(min-width: 1100px)\" \/><!-- desktop -->\n                                            <source srcset=\"https:\/\/legacy.nau.edu\/wp-content\/uploads\/sites\/215\/2023\/03\/CR-10-1-1200x675.jpg\" media=\"(min-width: 768px)\" \/><!-- tablet -->\n                                            <source srcset=\"https:\/\/legacy.nau.edu\/wp-content\/uploads\/sites\/215\/2023\/03\/CR-10-1-800x450.jpg\" media=\"(min-width: 0px)\" \/><!-- mobile --><img src=\"https:\/\/legacy.nau.edu\/wp-content\/uploads\/sites\/215\/2023\/03\/CR-10-1.jpg\" alt=\"Un grupo de estudiantes de NAU se han sentado alrededor de una mesa y platican.\"  \/>                                        <\/picture>\n                                        <div class=\"content\">\n                                            <div class=\"text-wrapper\">\n                                                \n                                                                                                    <h3 class=\" h4\">Iniciando tu propio club<\/h3>\n                                                \n                                                \t\t\t\t\t\t\t\t\t\t\t\t\t\t<div class=\"text alt-link-caret\">\n\t\t\t\t\t\t\t\t\t\t\t\t\t\t\t<p>Si tienes una idea de un club y no existe en NAU, tu-y cuatro otras personas-pueden iniciar un club.<\/p>\n<p>Aprende m\u00e1s sobre los requisitos y procesos de iniciar tu propio club.<\/p>\n\t\t\t\t\t\t\t\t\t\t\t\t\t\t<\/div>\n\t\t\t\t\t\t\t\t\t\t\t\t\t\t                                            <\/div>\n                                            \n                                                                                                                                            \n                                                <span role=\"none\" class=\"panel-link panelLinkTypeArrow\"><\/span>\n                                                                                    <\/div>\n                                    \n                                                                    <\/a>\n                                \n                                                        <\/div>\n                                                <\/div>\n\n                    <\/div>\n    <\/div>\n<\/section>\n\n    <\/div>\n<\/section>\n\n<div class=\"nau-block nau-block-left-nav-bottom-bound\">\n\n<\/div>","protected":false},"excerpt":{"rendered":"","protected":false},"author":323,"featured_media":369,"parent":0,"menu_order":0,"comment_status":"closed","ping_status":"closed","template":"","meta":{"ring_central_script_selection":""},"acf":[],"_links":{"self":[{"href":"https:\/\/legacy.nau.edu\/espanol\/wp-json\/wp\/v2\/pages\/27"}],"collection":[{"href":"https:\/\/legacy.nau.edu\/espanol\/wp-json\/wp\/v2\/pages"}],"about":[{"href":"https:\/\/legacy.nau.edu\/espanol\/wp-json\/wp\/v2\/types\/page"}],"author":[{"embeddable":true,"href":"https:\/\/legacy.nau.edu\/espanol\/wp-json\/wp\/v2\/users\/323"}],"replies":[{"embeddable":true,"href":"https:\/\/legacy.nau.edu\/espanol\/wp-json\/wp\/v2\/comments?post=27"}],"version-history":[{"count":33,"href":"https:\/\/legacy.nau.edu\/espanol\/wp-json\/wp\/v2\/pages\/27\/revisions"}],"predecessor-version":[{"id":875,"href":"https:\/\/legacy.nau.edu\/espanol\/wp-json\/wp\/v2\/pages\/27\/revisions\/875"}],"wp:featuredmedia":[{"embeddable":true,"href":"https:\/\/legacy.nau.edu\/espanol\/wp-json\/wp\/v2\/media\/369"}],"wp:attachment":[{"href":"https:\/\/legacy.nau.edu\/espanol\/wp-json\/wp\/v2\/media?parent=27"}],"curies":[{"name":"wp","href":"https:\/\/api.w.org\/{rel}","templated":true}]}}